{"id":10328,"date":"2025-01-21T10:51:52","date_gmt":"2025-01-21T15:51:52","guid":{"rendered":"https:\/\/rosengroup.ca\/?page_id=10328"},"modified":"2026-04-14T14:02:47","modified_gmt":"2026-04-14T18:02:47","slug":"strength-and-security","status":"publish","type":"page","link":"https:\/\/rosengroup.ca\/fr\/strength-and-security\/","title":{"rendered":"Force et s\u00e9curit\u00e9 financi\u00e8re"},"content":{"rendered":"<p>[et_pb_section fb_built=&#8221;1&#8243; _builder_version=&#8221;4.16&#8243; _module_preset=&#8221;default&#8221; background_color=&#8221;#09131E&#8221; use_background_color_gradient=&#8221;on&#8221; background_color_gradient_stops=&#8221;rgba(9,19,30,0.9) 0%|rgba(9,19,30,0.9) 100%&#8221; background_color_gradient_overlays_image=&#8221;on&#8221; background_color_gradient_start=&#8221;rgba(9,19,30,0.9)&#8221; background_color_gradient_end=&#8221;rgba(9,19,30,0.9)&#8221; background_image=&#8221;https:\/\/rosengroup.ca\/wp-content\/uploads\/2022\/03\/bill-of-rights-header-bg.jpg&#8221; custom_padding=&#8221;120px||120px||false|false&#8221; custom_css_main_element=&#8221;background-position: 50% 67%;&#8221; global_colors_info=&#8221;{}&#8221;][et_pb_row _builder_version=&#8221;4.16&#8243; _module_preset=&#8221;default&#8221; global_colors_info=&#8221;{}&#8221;][et_pb_column type=&#8221;4_4&#8243; _builder_version=&#8221;4.16&#8243; _module_preset=&#8221;default&#8221; global_colors_info=&#8221;{}&#8221;][et_pb_text _builder_version=&#8221;4.27.4&#8243; _module_preset=&#8221;default&#8221; text_orientation=&#8221;center&#8221; custom_margin=&#8221;||8px||false|false&#8221; global_colors_info=&#8221;{}&#8221;]<\/p>\n<h4>Security<\/h4>\n<p>[\/et_pb_text][et_pb_text _builder_version=&#8221;4.27.4&#8243; _module_preset=&#8221;default&#8221; text_orientation=&#8221;center&#8221; background_layout=&#8221;dark&#8221; max_width_tablet=&#8221;500px&#8221; max_width_phone=&#8221;&#8221; max_width_last_edited=&#8221;on|tablet&#8221; module_alignment=&#8221;center&#8221; module_alignment_tablet=&#8221;center&#8221; module_alignment_phone=&#8221;&#8221; module_alignment_last_edited=&#8221;on|tablet&#8221; global_colors_info=&#8221;{}&#8221;]<\/p>\n<h1>Strength And Security of <br \/>Rosen Group Private Wealth Management<\/h1>\n<p>[\/et_pb_text][\/et_pb_column][\/et_pb_row][\/et_pb_section][et_pb_section fb_built=&#8221;1&#8243; _builder_version=&#8221;4.16&#8243; _module_preset=&#8221;default&#8221; locked=&#8221;off&#8221; global_colors_info=&#8221;{}&#8221;][et_pb_row _builder_version=&#8221;4.27.4&#8243; _module_preset=&#8221;default&#8221; custom_margin=&#8221;||||false|false&#8221; global_colors_info=&#8221;{}&#8221;][et_pb_column type=&#8221;4_4&#8243; _builder_version=&#8221;4.16&#8243; _module_preset=&#8221;default&#8221; global_colors_info=&#8221;{}&#8221;][et_pb_text _builder_version=&#8221;4.16&#8243; _module_preset=&#8221;default&#8221; global_colors_info=&#8221;{}&#8221;]<\/p>\n<p>At Rosen Group Private Wealth Management, we pride ourselves on our commitment to placing clients\u2019 needs first. Our clients have worked hard to build their assets \u2013 and we want them to know that we\u2019re going to work even harder at keeping them safe. We have developed a number of safeguards to ensure the protection of client assets held at our firm. There are important reasons why clients trust Rosen Group Private Wealth Management with their investments: we have a strong corporate backing, follow security safekeeping measures, implement investment safeguards, offer industry-wide investor protection, and adhere to strict industry standards.<\/p>\n<p>Rosen Group Private Wealth Management\u2019s principal regulator is the Autorit\u00e9 des march\u00e9s financiers (AMF) and we are also registered in Ontario under the Ontario Securities Commission (OSC).<\/p>\n<p>[\/et_pb_text][\/et_pb_column][\/et_pb_row][\/et_pb_section][et_pb_section fb_built=&#8221;1&#8243; _builder_version=&#8221;4.16&#8243; _module_preset=&#8221;default&#8221; custom_padding=&#8221;1px|||||&#8221; locked=&#8221;off&#8221; global_colors_info=&#8221;{}&#8221;][et_pb_row make_equal=&#8221;on&#8221; module_class=&#8221;align-center&#8221; _builder_version=&#8221;4.27.4&#8243; _module_preset=&#8221;default&#8221; locked=&#8221;off&#8221; global_colors_info=&#8221;{}&#8221;][et_pb_column type=&#8221;4_4&#8243; _builder_version=&#8221;4.27.4&#8243; _module_preset=&#8221;default&#8221; custom_padding=&#8221;|5%|||false|false&#8221; global_colors_info=&#8221;{}&#8221;][et_pb_text _builder_version=&#8221;4.27.5&#8243; _module_preset=&#8221;45bda54e-96c3-41cf-a663-5af8a7714565&#8243; header_2_font_size=&#8221;32px&#8221; max_width=&#8221;450px&#8221; max_width_tablet=&#8221;100%&#8221; max_width_phone=&#8221;&#8221; max_width_last_edited=&#8221;on|tablet&#8221; locked=&#8221;off&#8221; global_colors_info=&#8221;{}&#8221;]<\/p>\n<h2>Our<strong class=\"font-serif\"> Custodian<\/strong><\/h2>\n<p>[\/et_pb_text][et_pb_divider color=&#8221;#86754E&#8221; divider_weight=&#8221;2px&#8221; _builder_version=&#8221;4.16&#8243; _module_preset=&#8221;default&#8221; width=&#8221;200px&#8221; locked=&#8221;off&#8221; global_colors_info=&#8221;{}&#8221;][\/et_pb_divider][et_pb_text _builder_version=&#8221;4.27.6&#8243; _module_preset=&#8221;default&#8221; global_colors_info=&#8221;{}&#8221;]Rosen Group Private Wealth Management has Raymond James Correspondent Services as its custodian to provide safekeeping of assets, online access, and account statements to our client base.[\/et_pb_text][\/et_pb_column][\/et_pb_row][et_pb_row _builder_version=&#8221;4.27.5&#8243; _module_preset=&#8221;default&#8221; custom_margin=&#8221;50px||80px||false|false&#8221; global_colors_info=&#8221;{}&#8221;][et_pb_column type=&#8221;4_4&#8243; _builder_version=&#8221;4.27.5&#8243; _module_preset=&#8221;default&#8221; global_colors_info=&#8221;{}&#8221;][et_pb_text _builder_version=&#8221;4.27.6&#8243; _module_preset=&#8221;default&#8221; hover_enabled=&#8221;0&#8243; sticky_enabled=&#8221;0&#8243;]<img loading=\"lazy\" decoding=\"async\" src=\"https:\/\/rosengroup.ca\/wp-content\/uploads\/2022\/02\/raymond-james-logo-white-300x55.jpg\" width=\"300\" height=\"55\" alt=\"\" class=\"wp-image-896 alignnone size-medium\" \/>[\/et_pb_text][et_pb_text _builder_version=&#8221;4.27.6&#8243; _module_preset=&#8221;default&#8221; header_3_text_align=&#8221;left&#8221; global_colors_info=&#8221;{}&#8221;]<\/p>\n<h3>Raymond James Correspondent Services<\/h3>\n<p>[\/et_pb_text][et_pb_text _builder_version=&#8221;4.27.6&#8243; _module_preset=&#8221;default&#8221; global_colors_info=&#8221;{}&#8221;]Raymond James Correspondent Services (RJCS) is one of the custodians used for our clients\u2019 accounts.<\/p>\n<p>As a client you will receive boutique investment management and family office services combined with the security of one of North America\u2019s most sound financial institutions. As the custodial firm reporting directly to you, Raymond James Ltd. is independent of the firm managing your portfolio.<\/p>\n<p>Raymond James is one of North America\u2019s leading independent full-service investment dealers with an extensive presence across Canada and the United States. The firm has an expansive network nationwide with 170 offices and $1.73 trillion client assets worldwide.<\/p>\n<p>Our relationship with Raymond James Ltd. means that our clients have the peace of mind knowing that Raymond James Correspondent Services provides us with end-to-end solutions for all of our custodial and clearing needs.<\/p>\n<p>Raymond James Ltd. is regulated by the Canadian Investment Regulatory Organization (\u201cCIRO\u201d) and is a Member of the Canadian Investor Protection Fund.[\/et_pb_text][\/et_pb_column][\/et_pb_row][\/et_pb_section][et_pb_section fb_built=&#8221;1&#8243; _builder_version=&#8221;4.10.8&#8243; _module_preset=&#8221;default&#8221; background_color=&#8221;#09131E&#8221; background_image=&#8221;https:\/\/rosengroup.ca\/wp-content\/uploads\/2022\/03\/cta-footer-background-paralax_2.jpg&#8221; parallax=&#8221;on&#8221; custom_padding=&#8221;120px||120px||false|false&#8221; global_module=&#8221;868&#8243; saved_tabs=&#8221;all&#8221; global_colors_info=&#8221;{}&#8221;][et_pb_row make_equal=&#8221;on&#8221; module_class=&#8221;align-center&#8221; _builder_version=&#8221;4.27.4&#8243; _module_preset=&#8221;default&#8221; global_colors_info=&#8221;{}&#8221;][et_pb_column type=&#8221;4_4&#8243; _builder_version=&#8221;4.16&#8243; _module_preset=&#8221;default&#8221; global_colors_info=&#8221;{}&#8221;][dsm_typing_effect before_typing_effect=&#8221;Invest in &#8221; typing_effect=&#8221;yourself.|your future.&#8221; typing_speed=&#8221;50ms&#8221; typing_backdelay=&#8221;3000ms&#8221; typing_cursor=&#8221;| &#8221; _builder_version=&#8221;4.27.4&#8243; _module_preset=&#8221;default&#8221; header_level=&#8221;h2&#8243; header_text_align=&#8221;center&#8221; header_text_color=&#8221;#FFFFFF&#8221; header_font_size=&#8221;60px&#8221; custom_margin=&#8221;||0px||false|false&#8221; header_text_align_tablet=&#8221;center&#8221; header_text_align_phone=&#8221;&#8221; header_text_align_last_edited=&#8221;on|tablet&#8221; header_font_size_tablet=&#8221;48px&#8221; header_font_size_phone=&#8221;36px&#8221; header_font_size_last_edited=&#8221;on|phone&#8221; global_colors_info=&#8221;{}&#8221;][\/dsm_typing_effect][\/et_pb_column][\/et_pb_row][\/et_pb_section]<\/p>\n","protected":false},"excerpt":{"rendered":"<p>SecurityStrength And Security of Rosen Group Private Wealth ManagementAt Rosen Group Private Wealth Management, we pride ourselves on our commitment to placing clients\u2019 needs first. Our clients have worked hard to build their assets \u2013 and we want them to know that we\u2019re going to work even harder at keeping them safe. We have developed a number of safeguards to ensure the protection of client assets held at our firm. There are important reasons why clients trust Rosen Group Private Wealth Management with their investments: we have a strong corporate backing, follow security safekeeping measures, implement investment safeguards, offer industry-wide investor protection, and adhere to strict industry standards. Rosen Group Private Wealth Management\u2019s principal regulator is the Autorit\u00e9 des march\u00e9s financiers (AMF) and we are also registered in Ontario under the Ontario Securities Commission (OSC).Our CustodianRosen Group Private Wealth Management has Raymond James Correspondent Services as its custodian to provide safekeeping of assets, online access, and account statements to our client base.Raymond James Correspondent ServicesRaymond James Correspondent Services (RJCS) is one of the custodians used for our clients\u2019 accounts. As a client you will receive boutique investment management and family office services combined with the security of one of North [&hellip;]<\/p>\n","protected":false},"author":2,"featured_media":0,"parent":0,"menu_order":0,"comment_status":"closed","ping_status":"closed","template":"","meta":{"_acf_changed":false,"_et_pb_use_builder":"on","_et_pb_old_content":"","_et_gb_content_width":"","footnotes":"","_links_to":"","_links_to_target":""},"class_list":["post-10328","page","type-page","status-publish","hentry"],"acf":[],"yoast_head":"<!-- This site is optimized with the Yoast SEO plugin v27.4 - https:\/\/yoast.com\/product\/yoast-seo-wordpress\/ -->\n<title>Strength &amp; Security | Rosen Group Private Wealth Management<\/title>\n<meta name=\"description\" content=\"You are entitled to a high level of proactive, courteous service from Rosen Group Private Wealth Management.\" \/>\n<meta name=\"robots\" content=\"index, follow, max-snippet:-1, max-image-preview:large, max-video-preview:-1\" \/>\n<link rel=\"canonical\" href=\"https:\/\/rosengroup.ca\/fr\/strength-and-security\/\" \/>\n<meta property=\"og:locale\" content=\"fr_CA\" \/>\n<meta property=\"og:type\" content=\"article\" \/>\n<meta property=\"og:title\" content=\"Strength &amp; Security | Rosen Group Private Wealth Management\" \/>\n<meta property=\"og:description\" content=\"You are entitled to a high level of proactive, courteous service from Rosen Group Private Wealth Management.\" \/>\n<meta property=\"og:url\" content=\"https:\/\/rosengroup.ca\/fr\/strength-and-security\/\" \/>\n<meta property=\"og:site_name\" content=\"Rosen Group Private Wealth Management\" \/>\n<meta property=\"article:modified_time\" content=\"2026-04-14T18:02:47+00:00\" \/>\n<meta property=\"og:image\" content=\"https:\/\/rosengroup.ca\/wp-content\/uploads\/2022\/02\/raymond-james-logo-white.jpg\" \/>\n\t<meta property=\"og:image:width\" content=\"2000\" \/>\n\t<meta property=\"og:image:height\" content=\"365\" \/>\n\t<meta property=\"og:image:type\" content=\"image\/jpeg\" \/>\n<meta name=\"twitter:card\" content=\"summary_large_image\" \/>\n<meta name=\"twitter:label1\" content=\"Estimation du temps de lecture\" \/>\n\t<meta name=\"twitter:data1\" content=\"3 minutes\" \/>\n<script type=\"application\/ld+json\" class=\"yoast-schema-graph\">{\"@context\":\"https:\\\/\\\/schema.org\",\"@graph\":[{\"@type\":\"WebPage\",\"@id\":\"https:\\\/\\\/rosengroup.ca\\\/strength-and-security\\\/\",\"url\":\"https:\\\/\\\/rosengroup.ca\\\/strength-and-security\\\/\",\"name\":\"Strength & Security | Rosen Group Private Wealth Management\",\"isPartOf\":{\"@id\":\"https:\\\/\\\/rosengroup.ca\\\/#website\"},\"primaryImageOfPage\":{\"@id\":\"https:\\\/\\\/rosengroup.ca\\\/strength-and-security\\\/#primaryimage\"},\"image\":{\"@id\":\"https:\\\/\\\/rosengroup.ca\\\/strength-and-security\\\/#primaryimage\"},\"thumbnailUrl\":\"https:\\\/\\\/rosengroup.ca\\\/wp-content\\\/uploads\\\/2022\\\/02\\\/raymond-james-logo-white-300x55.jpg\",\"datePublished\":\"2025-01-21T15:51:52+00:00\",\"dateModified\":\"2026-04-14T18:02:47+00:00\",\"description\":\"You are entitled to a high level of proactive, courteous service from Rosen Group Private Wealth Management.\",\"breadcrumb\":{\"@id\":\"https:\\\/\\\/rosengroup.ca\\\/strength-and-security\\\/#breadcrumb\"},\"inLanguage\":\"fr-CA\",\"potentialAction\":[{\"@type\":\"ReadAction\",\"target\":[\"https:\\\/\\\/rosengroup.ca\\\/strength-and-security\\\/\"]}]},{\"@type\":\"ImageObject\",\"inLanguage\":\"fr-CA\",\"@id\":\"https:\\\/\\\/rosengroup.ca\\\/strength-and-security\\\/#primaryimage\",\"url\":\"https:\\\/\\\/rosengroup.ca\\\/wp-content\\\/uploads\\\/2022\\\/02\\\/raymond-james-logo-white-300x55.jpg\",\"contentUrl\":\"https:\\\/\\\/rosengroup.ca\\\/wp-content\\\/uploads\\\/2022\\\/02\\\/raymond-james-logo-white-300x55.jpg\"},{\"@type\":\"BreadcrumbList\",\"@id\":\"https:\\\/\\\/rosengroup.ca\\\/strength-and-security\\\/#breadcrumb\",\"itemListElement\":[{\"@type\":\"ListItem\",\"position\":1,\"name\":\"Home\",\"item\":\"https:\\\/\\\/rosengroup.ca\\\/\"},{\"@type\":\"ListItem\",\"position\":2,\"name\":\"Strength &#038; Security\"}]},{\"@type\":\"WebSite\",\"@id\":\"https:\\\/\\\/rosengroup.ca\\\/#website\",\"url\":\"https:\\\/\\\/rosengroup.ca\\\/\",\"name\":\"Rosen Group Private Wealth Management\",\"description\":\"\",\"publisher\":{\"@id\":\"https:\\\/\\\/rosengroup.ca\\\/#organization\"},\"potentialAction\":[{\"@type\":\"SearchAction\",\"target\":{\"@type\":\"EntryPoint\",\"urlTemplate\":\"https:\\\/\\\/rosengroup.ca\\\/?s={search_term_string}\"},\"query-input\":{\"@type\":\"PropertyValueSpecification\",\"valueRequired\":true,\"valueName\":\"search_term_string\"}}],\"inLanguage\":\"fr-CA\"},{\"@type\":\"Organization\",\"@id\":\"https:\\\/\\\/rosengroup.ca\\\/#organization\",\"name\":\"Rosen Group Private Wealth Management\",\"url\":\"https:\\\/\\\/rosengroup.ca\\\/\",\"logo\":{\"@type\":\"ImageObject\",\"inLanguage\":\"fr-CA\",\"@id\":\"https:\\\/\\\/rosengroup.ca\\\/#\\\/schema\\\/logo\\\/image\\\/\",\"url\":\"https:\\\/\\\/rosengroup.ca\\\/wp-content\\\/uploads\\\/2022\\\/02\\\/Rosen-Group-logo-gold.png\",\"contentUrl\":\"https:\\\/\\\/rosengroup.ca\\\/wp-content\\\/uploads\\\/2022\\\/02\\\/Rosen-Group-logo-gold.png\",\"width\":2000,\"height\":295,\"caption\":\"Rosen Group Private Wealth Management\"},\"image\":{\"@id\":\"https:\\\/\\\/rosengroup.ca\\\/#\\\/schema\\\/logo\\\/image\\\/\"}}]}<\/script>\n<!-- \/ Yoast SEO plugin. -->","yoast_head_json":{"title":"Strength & Security | Rosen Group Private Wealth Management","description":"Vous avez droit \u00e0 un niveau \u00e9lev\u00e9 de service proactif et courtois de la part du Groupe Rosen Gestion priv\u00e9e de patrimoine Lt\u00e9e.","robots":{"index":"index","follow":"follow","max-snippet":"max-snippet:-1","max-image-preview":"max-image-preview:large","max-video-preview":"max-video-preview:-1"},"canonical":"https:\/\/rosengroup.ca\/fr\/strength-and-security\/","og_locale":"fr_CA","og_type":"article","og_title":"Strength & Security | Rosen Group Private Wealth Management","og_description":"You are entitled to a high level of proactive, courteous service from Rosen Group Private Wealth Management.","og_url":"https:\/\/rosengroup.ca\/fr\/strength-and-security\/","og_site_name":"Rosen Group Private Wealth Management","article_modified_time":"2026-04-14T18:02:47+00:00","og_image":[{"width":2000,"height":365,"url":"https:\/\/rosengroup.ca\/wp-content\/uploads\/2022\/02\/raymond-james-logo-white.jpg","type":"image\/jpeg"}],"twitter_card":"summary_large_image","twitter_misc":{"Estimation du temps de lecture":"3 minutes"},"schema":{"@context":"https:\/\/schema.org","@graph":[{"@type":"WebPage","@id":"https:\/\/rosengroup.ca\/strength-and-security\/","url":"https:\/\/rosengroup.ca\/strength-and-security\/","name":"Strength & Security | Rosen Group Private Wealth Management","isPartOf":{"@id":"https:\/\/rosengroup.ca\/#website"},"primaryImageOfPage":{"@id":"https:\/\/rosengroup.ca\/strength-and-security\/#primaryimage"},"image":{"@id":"https:\/\/rosengroup.ca\/strength-and-security\/#primaryimage"},"thumbnailUrl":"https:\/\/rosengroup.ca\/wp-content\/uploads\/2022\/02\/raymond-james-logo-white-300x55.jpg","datePublished":"2025-01-21T15:51:52+00:00","dateModified":"2026-04-14T18:02:47+00:00","description":"Vous avez droit \u00e0 un niveau \u00e9lev\u00e9 de service proactif et courtois de la part du Groupe Rosen Gestion priv\u00e9e de patrimoine Lt\u00e9e.","breadcrumb":{"@id":"https:\/\/rosengroup.ca\/strength-and-security\/#breadcrumb"},"inLanguage":"fr-CA","potentialAction":[{"@type":"ReadAction","target":["https:\/\/rosengroup.ca\/strength-and-security\/"]}]},{"@type":"ImageObject","inLanguage":"fr-CA","@id":"https:\/\/rosengroup.ca\/strength-and-security\/#primaryimage","url":"https:\/\/rosengroup.ca\/wp-content\/uploads\/2022\/02\/raymond-james-logo-white-300x55.jpg","contentUrl":"https:\/\/rosengroup.ca\/wp-content\/uploads\/2022\/02\/raymond-james-logo-white-300x55.jpg"},{"@type":"BreadcrumbList","@id":"https:\/\/rosengroup.ca\/strength-and-security\/#breadcrumb","itemListElement":[{"@type":"ListItem","position":1,"name":"Home","item":"https:\/\/rosengroup.ca\/"},{"@type":"ListItem","position":2,"name":"Strength &#038; Security"}]},{"@type":"WebSite","@id":"https:\/\/rosengroup.ca\/#website","url":"https:\/\/rosengroup.ca\/","name":"Groupe Rosen Gestion priv\u00e9e de patrimoine Lt\u00e9e.","description":"","publisher":{"@id":"https:\/\/rosengroup.ca\/#organization"},"potentialAction":[{"@type":"SearchAction","target":{"@type":"EntryPoint","urlTemplate":"https:\/\/rosengroup.ca\/?s={search_term_string}"},"query-input":{"@type":"PropertyValueSpecification","valueRequired":true,"valueName":"search_term_string"}}],"inLanguage":"fr-CA"},{"@type":"Organization","@id":"https:\/\/rosengroup.ca\/#organization","name":"Groupe Rosen Gestion priv\u00e9e de patrimoine Lt\u00e9e.","url":"https:\/\/rosengroup.ca\/","logo":{"@type":"ImageObject","inLanguage":"fr-CA","@id":"https:\/\/rosengroup.ca\/#\/schema\/logo\/image\/","url":"https:\/\/rosengroup.ca\/wp-content\/uploads\/2022\/02\/Rosen-Group-logo-gold.png","contentUrl":"https:\/\/rosengroup.ca\/wp-content\/uploads\/2022\/02\/Rosen-Group-logo-gold.png","width":2000,"height":295,"caption":"Rosen Group Private Wealth Management"},"image":{"@id":"https:\/\/rosengroup.ca\/#\/schema\/logo\/image\/"}}]}},"_links":{"self":[{"href":"https:\/\/rosengroup.ca\/fr\/wp-json\/wp\/v2\/pages\/10328","targetHints":{"allow":["GET"]}}],"collection":[{"href":"https:\/\/rosengroup.ca\/fr\/wp-json\/wp\/v2\/pages"}],"about":[{"href":"https:\/\/rosengroup.ca\/fr\/wp-json\/wp\/v2\/types\/page"}],"author":[{"embeddable":true,"href":"https:\/\/rosengroup.ca\/fr\/wp-json\/wp\/v2\/users\/2"}],"replies":[{"embeddable":true,"href":"https:\/\/rosengroup.ca\/fr\/wp-json\/wp\/v2\/comments?post=10328"}],"version-history":[{"count":0,"href":"https:\/\/rosengroup.ca\/fr\/wp-json\/wp\/v2\/pages\/10328\/revisions"}],"wp:attachment":[{"href":"https:\/\/rosengroup.ca\/fr\/wp-json\/wp\/v2\/media?parent=10328"}],"curies":[{"name":"wp","href":"https:\/\/api.w.org\/{rel}","templated":true}]}}