{"id":11678,"date":"2025-07-02T12:53:58","date_gmt":"2025-07-02T16:53:58","guid":{"rendered":"https:\/\/rosengroup.ca\/?page_id=11678"},"modified":"2026-04-14T14:07:43","modified_gmt":"2026-04-14T18:07:43","slug":"total-wealth-financial-planning","status":"publish","type":"page","link":"https:\/\/rosengroup.ca\/fr\/total-wealth-financial-planning\/","title":{"rendered":"Planification financi\u00e8re du patrimoine total"},"content":{"rendered":"<p>[et_pb_section fb_built=&#8221;1&#8243; _builder_version=&#8221;4.16&#8243; _module_preset=&#8221;default&#8221; background_color=&#8221;#09131E&#8221; use_background_color_gradient=&#8221;on&#8221; background_color_gradient_stops=&#8221;rgba(9,19,30,0.9) 0%|rgba(9,19,30,0.9) 100%&#8221; background_color_gradient_overlays_image=&#8221;on&#8221; background_color_gradient_start=&#8221;rgba(9,19,30,0.9)&#8221; background_color_gradient_end=&#8221;rgba(9,19,30,0.9)&#8221; background_image=&#8221;https:\/\/rosengroup.ca\/wp-content\/uploads\/2022\/03\/bill-of-rights-header-bg.jpg&#8221; custom_padding=&#8221;120px||120px||false|false&#8221; custom_css_main_element=&#8221;background-position: 50% 67%;&#8221; global_colors_info=&#8221;{}&#8221;][et_pb_row _builder_version=&#8221;4.16&#8243; _module_preset=&#8221;default&#8221; global_colors_info=&#8221;{}&#8221;][et_pb_column type=&#8221;4_4&#8243; _builder_version=&#8221;4.16&#8243; _module_preset=&#8221;default&#8221; global_colors_info=&#8221;{}&#8221;][et_pb_text _builder_version=&#8221;4.27.4&#8243; _module_preset=&#8221;default&#8221; text_orientation=&#8221;center&#8221; custom_margin=&#8221;||8px||false|false&#8221; global_colors_info=&#8221;{}&#8221;]<\/p>\n<h4>Comprehensive Wealth Strategies<\/h4>\n<p>[\/et_pb_text][et_pb_text _builder_version=&#8221;4.27.4&#8243; _module_preset=&#8221;default&#8221; text_orientation=&#8221;center&#8221; background_layout=&#8221;dark&#8221; max_width_tablet=&#8221;500px&#8221; max_width_phone=&#8221;&#8221; max_width_last_edited=&#8221;on|tablet&#8221; module_alignment=&#8221;center&#8221; module_alignment_tablet=&#8221;center&#8221; module_alignment_phone=&#8221;&#8221; module_alignment_last_edited=&#8221;on|tablet&#8221; global_colors_info=&#8221;{}&#8221;]<\/p>\n<h1>Total Wealth Financial Planning<\/h1>\n<p>[\/et_pb_text][\/et_pb_column][\/et_pb_row][\/et_pb_section][et_pb_section fb_built=&#8221;1&#8243; _builder_version=&#8221;4.27.4&#8243; _module_preset=&#8221;default&#8221; background_color=&#8221;#F7F7F7&#8243; global_colors_info=&#8221;{}&#8221;][et_pb_row _builder_version=&#8221;4.27.4&#8243; _module_preset=&#8221;default&#8221; global_colors_info=&#8221;{}&#8221;][et_pb_column type=&#8221;4_4&#8243; _builder_version=&#8221;4.27.4&#8243; _module_preset=&#8221;default&#8221; global_colors_info=&#8221;{}&#8221;][et_pb_text _builder_version=&#8221;4.27.4&#8243; _module_preset=&#8221;default&#8221; global_colors_info=&#8221;{}&#8221;]<\/p>\n<p>At Rosen Group Private Wealth Management, financial planning is at the heart of our comprehensive wealth management approach. We take a holistic view of your financial life, offering personalized strategies to help you achieve your goals.<\/p>\n<p>[\/et_pb_text][\/et_pb_column][\/et_pb_row][et_pb_row _builder_version=&#8221;4.27.4&#8243; _module_preset=&#8221;default&#8221; custom_margin=&#8221;45px||||false|false&#8221; locked=&#8221;off&#8221; global_colors_info=&#8221;{}&#8221;][et_pb_column type=&#8221;4_4&#8243; _builder_version=&#8221;4.16&#8243; _module_preset=&#8221;default&#8221; global_colors_info=&#8221;{}&#8221;][et_pb_text _builder_version=&#8221;4.27.4&#8243; _module_preset=&#8221;default&#8221; header_2_text_color=&#8221;#000000&#8243; header_4_text_color=&#8221;#192D43&#8243; custom_margin=&#8221;||15px||false|false&#8221; locked=&#8221;off&#8221; global_colors_info=&#8221;{}&#8221;]<\/p>\n<h4>Our integrated services include:<\/h4>\n<p>[\/et_pb_text][dsm_icon_list icon_padding=&#8221;5px&#8221; list_vertical_alignment=&#8221;flex-start&#8221; list_space_between=&#8221;8px&#8221; _builder_version=&#8221;4.27.4&#8243; _module_preset=&#8221;default&#8221; custom_css_main_element=&#8221;columns: 3;&#8221; locked=&#8221;off&#8221; global_colors_info=&#8221;{}&#8221; custom_css_main_element_last_edited=&#8221;on|phone&#8221; custom_css_main_element_tablet=&#8221;columns: 2;&#8221; custom_css_main_element_phone=&#8221;columns: 1;&#8221;][dsm_icon_list_child text=&#8221;Financial Planning&#8221; font_icon=&#8221;&#x4c;||divi||400&#8243; text_last_edited=&#8221;off|desktop&#8221; _builder_version=&#8221;4.27.4&#8243; _module_preset=&#8221;default&#8221; global_colors_info=&#8221;{}&#8221;][\/dsm_icon_list_child][dsm_icon_list_child text=&#8221;Insurance of Persons&#8221; font_icon=&#8221;&#x4c;||divi||400&#8243; _builder_version=&#8221;4.27.4&#8243; _module_preset=&#8221;default&#8221; global_colors_info=&#8221;{}&#8221;][\/dsm_icon_list_child][dsm_icon_list_child text=&#8221;Small Business &#038; Trust Planning&#8221; font_icon=&#8221;&#x4c;||divi||400&#8243; _builder_version=&#8221;4.27.4&#8243; _module_preset=&#8221;default&#8221; global_colors_info=&#8221;{}&#8221;][\/dsm_icon_list_child][dsm_icon_list_child text=&#8221;Incorporation&#8221; font_icon=&#8221;&#x4c;||divi||400&#8243; _builder_version=&#8221;4.27.4&#8243; _module_preset=&#8221;default&#8221; global_colors_info=&#8221;{}&#8221;][\/dsm_icon_list_child][dsm_icon_list_child text=&#8221;Individual Pension Plan (IPP)&#8221; font_icon=&#8221;&#x4c;||divi||400&#8243; _builder_version=&#8221;4.27.4&#8243; _module_preset=&#8221;default&#8221; global_colors_info=&#8221;{}&#8221;][\/dsm_icon_list_child][dsm_icon_list_child text=&#8221;Canada\u2013U.S. Cross-Border Issues&#8221; font_icon=&#8221;&#x4c;||divi||400&#8243; _builder_version=&#8221;4.27.4&#8243; _module_preset=&#8221;default&#8221; global_colors_info=&#8221;{}&#8221;][\/dsm_icon_list_child][dsm_icon_list_child text=&#8221;Estate Planning&#8221; font_icon=&#8221;&#x4c;||divi||400&#8243; _builder_version=&#8221;4.27.4&#8243; _module_preset=&#8221;default&#8221; global_colors_info=&#8221;{}&#8221;][\/dsm_icon_list_child][\/dsm_icon_list][\/et_pb_column][\/et_pb_row][\/et_pb_section][et_pb_section fb_built=&#8221;1&#8243; _builder_version=&#8221;4.27.4&#8243; _module_preset=&#8221;default&#8221; global_colors_info=&#8221;{}&#8221;][et_pb_row column_structure=&#8221;1_2,1_2&#8243; make_equal=&#8221;on&#8221; module_class=&#8221;align-center&#8221; _builder_version=&#8221;4.27.4&#8243; _module_preset=&#8221;default&#8221; global_colors_info=&#8221;{}&#8221;][et_pb_column type=&#8221;1_2&#8243; _builder_version=&#8221;4.27.4&#8243; _module_preset=&#8221;default&#8221; custom_padding=&#8221;|5%|||false|false&#8221; custom_padding_tablet=&#8221;|0%|20px||false|false&#8221; custom_padding_phone=&#8221;|0%|20px||false|false&#8221; custom_padding_last_edited=&#8221;on|tablet&#8221; global_colors_info=&#8221;{}&#8221;][et_pb_text _builder_version=&#8221;4.27.4&#8243; _module_preset=&#8221;default&#8221; global_colors_info=&#8221;{}&#8221;]<\/p>\n<p>Our services are ideal for doctors, dentists, business owners, professionals and individuals who are retired or approaching retirement, with significant investable assets who want a full-service, professional wealth management experience. We go beyond the traditional offerings of banks and brokerage firms to deliver custom advice and solutions.<\/p>\n<p>[\/et_pb_text][et_pb_text _builder_version=&#8221;4.27.4&#8243; _module_preset=&#8221;default&#8221; custom_margin=&#8221;40px||||false|false&#8221; custom_padding=&#8221;||||false|false&#8221; global_colors_info=&#8221;{}&#8221;]<\/p>\n<h2>What Sets Us Apart<\/h2>\n<p>[\/et_pb_text][dsm_icon_list icon_padding=&#8221;5px&#8221; list_vertical_alignment=&#8221;flex-start&#8221; list_space_between=&#8221;8px&#8221; _builder_version=&#8221;4.27.4&#8243; _module_preset=&#8221;default&#8221; locked=&#8221;off&#8221; global_colors_info=&#8221;{}&#8221; custom_css_main_element_last_edited=&#8221;on|desktop&#8221;][dsm_icon_list_child text=&#8221;Personalized, goal-based planning&#8221; font_icon=&#8221;&#x4c;||divi||400&#8243; text_last_edited=&#8221;off|desktop&#8221; _builder_version=&#8221;4.27.4&#8243; _module_preset=&#8221;default&#8221; global_colors_info=&#8221;{}&#8221;][\/dsm_icon_list_child][dsm_icon_list_child text=&#8221;Expert guidance across financial disciplines&#8221; font_icon=&#8221;&#x4c;||divi||400&#8243; _builder_version=&#8221;4.27.4&#8243; _module_preset=&#8221;default&#8221; global_colors_info=&#8221;{}&#8221;][\/dsm_icon_list_child][dsm_icon_list_child text=&#8221;Direct access to a highly experienced team&#8221; font_icon=&#8221;&#x4c;||divi||400&#8243; _builder_version=&#8221;4.27.4&#8243; _module_preset=&#8221;default&#8221; global_colors_info=&#8221;{}&#8221;][\/dsm_icon_list_child][dsm_icon_list_child text=&#8221;Coordination with trusted partners when needed&#8221; font_icon=&#8221;&#x4c;||divi||400&#8243; _builder_version=&#8221;4.27.4&#8243; _module_preset=&#8221;default&#8221; global_colors_info=&#8221;{}&#8221;][\/dsm_icon_list_child][\/dsm_icon_list][et_pb_text _builder_version=&#8221;4.27.4&#8243; _module_preset=&#8221;default&#8221; global_colors_info=&#8221;{}&#8221;]<\/p>\n<p>All of this is delivered under a single, transparent portfolio management fee \u2014 no surprises, just clarity and value.<\/p>\n<p>[\/et_pb_text][\/et_pb_column][et_pb_column type=&#8221;1_2&#8243; _builder_version=&#8221;4.27.4&#8243; _module_preset=&#8221;default&#8221; global_colors_info=&#8221;{}&#8221;][et_pb_image src=&#8221;https:\/\/rosengroup.ca\/wp-content\/uploads\/2025\/07\/total-wealth-financial-planning_1.jpg&#8221; alt=&#8221;Total wealth financial planning for individuals and families with significant investable assets&#8221; _builder_version=&#8221;4.27.6&#8243; _module_preset=&#8221;default&#8221; hover_enabled=&#8221;0&#8243; global_colors_info=&#8221;{}&#8221; custom_margin=&#8221;||||false|false&#8221; sticky_enabled=&#8221;0&#8243;][\/et_pb_image][\/et_pb_column][\/et_pb_row][\/et_pb_section][et_pb_section fb_built=&#8221;1&#8243; _builder_version=&#8221;4.10.8&#8243; _module_preset=&#8221;default&#8221; background_color=&#8221;#09131E&#8221; background_image=&#8221;https:\/\/rosengroup.ca\/wp-content\/uploads\/2022\/03\/cta-footer-background-paralax_2.jpg&#8221; parallax=&#8221;on&#8221; custom_padding=&#8221;120px||120px||false|false&#8221; global_module=&#8221;868&#8243; saved_tabs=&#8221;all&#8221; global_colors_info=&#8221;{}&#8221;][et_pb_row make_equal=&#8221;on&#8221; module_class=&#8221;align-center&#8221; _builder_version=&#8221;4.27.4&#8243; _module_preset=&#8221;default&#8221; global_colors_info=&#8221;{}&#8221;][et_pb_column type=&#8221;4_4&#8243; _builder_version=&#8221;4.16&#8243; _module_preset=&#8221;default&#8221; global_colors_info=&#8221;{}&#8221;][dsm_typing_effect before_typing_effect=&#8221;Invest in &#8221; typing_effect=&#8221;yourself.|your future.&#8221; typing_speed=&#8221;50ms&#8221; typing_backdelay=&#8221;3000ms&#8221; typing_cursor=&#8221;| &#8221; _builder_version=&#8221;4.27.4&#8243; _module_preset=&#8221;default&#8221; header_level=&#8221;h2&#8243; header_text_align=&#8221;center&#8221; header_text_color=&#8221;#FFFFFF&#8221; header_font_size=&#8221;60px&#8221; custom_margin=&#8221;||0px||false|false&#8221; header_text_align_tablet=&#8221;center&#8221; header_text_align_phone=&#8221;&#8221; header_text_align_last_edited=&#8221;on|tablet&#8221; header_font_size_tablet=&#8221;48px&#8221; header_font_size_phone=&#8221;36px&#8221; header_font_size_last_edited=&#8221;on|phone&#8221; global_colors_info=&#8221;{}&#8221;][\/dsm_typing_effect][\/et_pb_column][\/et_pb_row][\/et_pb_section]<\/p>\n","protected":false},"excerpt":{"rendered":"<p>Comprehensive Wealth StrategiesTotal Wealth Financial PlanningAt Rosen Group Private Wealth Management, financial planning is at the heart of our comprehensive wealth management approach. We take a holistic view of your financial life, offering personalized strategies to help you achieve your goals.Our integrated services include:<div class=\"et_pb_module dsm_icon_list dsm_icon_list_0\">\n\t\t\t\t\n\t\t\t\t\n\t\t\t\t\n\t\t\t\t\n\t\t\t\t\n\t\t\t\t\n\t\t\t\t<div class=\"et_pb_module_inner\">\n\t\t\t\t\t<ul class=\"dsm_icon_list_items dsm_icon_list_ltr_direction dsm_icon_list_layout_vertical\"><li class=\"dsm_icon_list_child dsm_icon_list_child_0\">\n\t\t\t\t\n\t\t\t\t\n\t\t\t\t\n\t\t\t\t\n\t\t\t\t<span class=\"dsm_icon_list_wrapper\"><span class=\"dsm_icon_list_icon\">L<\/span><\/span><span class=\"dsm_icon_list_text\">Planification financi\u00e8re<\/span>\n\t\t\t<\/li><li class=\"dsm_icon_list_child dsm_icon_list_child_1\">\n\t\t\t\t\n\t\t\t\t\n\t\t\t\t\n\t\t\t\t\n\t\t\t\t<span class=\"dsm_icon_list_wrapper\"><span class=\"dsm_icon_list_icon\">L<\/span><\/span><span class=\"dsm_icon_list_text\">Assurance de personnes<\/span>\n\t\t\t<\/li><li class=\"dsm_icon_list_child dsm_icon_list_child_2\">\n\t\t\t\t\n\t\t\t\t\n\t\t\t\t\n\t\t\t\t\n\t\t\t\t<span class=\"dsm_icon_list_wrapper\"><span class=\"dsm_icon_list_icon\">L<\/span><\/span><span class=\"dsm_icon_list_text\">Small Business &#038; Trust Planning<\/span>\n\t\t\t<\/li><li class=\"dsm_icon_list_child dsm_icon_list_child_3\">\n\t\t\t\t\n\t\t\t\t\n\t\t\t\t\n\t\t\t\t\n\t\t\t\t<span class=\"dsm_icon_list_wrapper\"><span class=\"dsm_icon_list_icon\">L<\/span><\/span><span class=\"dsm_icon_list_text\">Constitution en soci\u00e9t\u00e9<\/span>\n\t\t\t<\/li><li class=\"dsm_icon_list_child dsm_icon_list_child_4\">\n\t\t\t\t\n\t\t\t\t\n\t\t\t\t\n\t\t\t\t\n\t\t\t\t<span class=\"dsm_icon_list_wrapper\"><span class=\"dsm_icon_list_icon\">L<\/span><\/span><span class=\"dsm_icon_list_text\">R\u00e9gime de retraite individuel (RRI)<\/span>\n\t\t\t<\/li><li class=\"dsm_icon_list_child dsm_icon_list_child_5\">\n\t\t\t\t\n\t\t\t\t\n\t\t\t\t\n\t\t\t\t\n\t\t\t\t<span class=\"dsm_icon_list_wrapper\"><span class=\"dsm_icon_list_icon\">L<\/span><\/span><span class=\"dsm_icon_list_text\">Questions transfrontali\u00e8res \u2013 Canada et \u00c9tats-Unis<\/span>\n\t\t\t<\/li><li class=\"dsm_icon_list_child dsm_icon_list_child_6\">\n\t\t\t\t\n\t\t\t\t\n\t\t\t\t\n\t\t\t\t\n\t\t\t\t<span class=\"dsm_icon_list_wrapper\"><span class=\"dsm_icon_list_icon\">L<\/span><\/span><span class=\"dsm_icon_list_text\">Planification successorale<\/span>\n\t\t\t<\/li><\/ul>\n\t\t\t\t<\/div>\n\t\t\t<\/div>Our services are ideal for doctors, dentists, business owners, professionals and individuals who are retired or approaching retirement, with significant investable assets who want a full-service, professional wealth management experience. We go beyond the traditional offerings of banks and brokerage firms to deliver custom advice and solutions.What Sets Us Apart<div class=\"et_pb_module dsm_icon_list dsm_icon_list_1\">\n\t\t\t\t\n\t\t\t\t\n\t\t\t\t\n\t\t\t\t\n\t\t\t\t\n\t\t\t\t\n\t\t\t\t<div class=\"et_pb_module_inner\">\n\t\t\t\t\t<ul class=\"dsm_icon_list_items dsm_icon_list_ltr_direction dsm_icon_list_layout_vertical\"><\/ul>\n\t\t\t\t<\/div>\n\t\t\t<\/div><li class=\"dsm_icon_list_child dsm_icon_list_child_7\">\n\t\t\t\t\n\t\t\t\t\n\t\t\t\t\n\t\t\t\t\n\t\t\t\t<span class=\"dsm_icon_list_wrapper\"><span class=\"dsm_icon_list_icon\">L<\/span><\/span><span class=\"dsm_icon_list_text\">Planification personnalis\u00e9e et ax\u00e9e sur les objectifs<\/span>\n\t\t\t<\/li><li class=\"dsm_icon_list_child dsm_icon_list_child_8\">\n\t\t\t\t\n\t\t\t\t\n\t\t\t\t\n\t\t\t\t\n\t\t\t\t<span class=\"dsm_icon_list_wrapper\"><span class=\"dsm_icon_list_icon\">L<\/span><\/span><span class=\"dsm_icon_list_text\">Conseils d\u2019experts danse tous les domaines financiers<\/span>\n\t\t\t<\/li><li class=\"dsm_icon_list_child dsm_icon_list_child_9\">\n\t\t\t\t\n\t\t\t\t\n\t\t\t\t\n\t\t\t\t\n\t\t\t\t<span class=\"dsm_icon_list_wrapper\"><span class=\"dsm_icon_list_icon\">L<\/span><\/span><span class=\"dsm_icon_list_text\">Acc\u00e8s direct \u00e0 une \u00e9quipe hautement exp\u00e9riment\u00e9e<\/span>\n\t\t\t<\/li><li class=\"dsm_icon_list_child dsm_icon_list_child_10\">\n\t\t\t\t\n\t\t\t\t\n\t\t\t\t\n\t\t\t\t\n\t\t\t\t<span class=\"dsm_icon_list_wrapper\"><span class=\"dsm_icon_list_icon\"><\/span><\/span><span class=\"dsm_icon_list_text\">&#8221;Coordination<\/span>\n\t\t\t<\/li><\/p>","protected":false},"author":2,"featured_media":0,"parent":0,"menu_order":0,"comment_status":"closed","ping_status":"closed","template":"","meta":{"_acf_changed":false,"_et_pb_use_builder":"on","_et_pb_old_content":"","_et_gb_content_width":"","footnotes":"","_links_to":"","_links_to_target":""},"class_list":["post-11678","page","type-page","status-publish","hentry"],"acf":[],"yoast_head":"<!-- This site is optimized with the Yoast SEO plugin v27.5 - https:\/\/yoast.com\/product\/yoast-seo-wordpress\/ -->\n<title>Total Wealth Financial Planning | Rosen Group Private Wealth Management<\/title>\n<meta name=\"description\" content=\"You are entitled to a high level of proactive, courteous service from Rosen Group Private Wealth Management.\" \/>\n<meta name=\"robots\" content=\"index, follow, max-snippet:-1, max-image-preview:large, max-video-preview:-1\" \/>\n<link rel=\"canonical\" href=\"https:\/\/rosengroup.ca\/fr\/total-wealth-financial-planning\/\" \/>\n<meta property=\"og:locale\" content=\"fr_CA\" \/>\n<meta property=\"og:type\" content=\"article\" \/>\n<meta property=\"og:title\" content=\"Total Wealth Financial Planning | Rosen Group Private Wealth Management\" \/>\n<meta property=\"og:description\" content=\"You are entitled to a high level of proactive, courteous service from Rosen Group Private Wealth Management.\" \/>\n<meta property=\"og:url\" content=\"https:\/\/rosengroup.ca\/fr\/total-wealth-financial-planning\/\" \/>\n<meta property=\"og:site_name\" content=\"Rosen Group Private Wealth Management\" \/>\n<meta property=\"article:modified_time\" content=\"2026-04-14T18:07:43+00:00\" \/>\n<meta name=\"twitter:card\" content=\"summary_large_image\" \/>\n<meta name=\"twitter:label1\" content=\"Estimation du temps de lecture\" \/>\n\t<meta name=\"twitter:data1\" content=\"4 minutes\" \/>\n<script type=\"application\/ld+json\" class=\"yoast-schema-graph\">{\"@context\":\"https:\\\/\\\/schema.org\",\"@graph\":[{\"@type\":\"WebPage\",\"@id\":\"https:\\\/\\\/rosengroup.ca\\\/total-wealth-financial-planning\\\/\",\"url\":\"https:\\\/\\\/rosengroup.ca\\\/total-wealth-financial-planning\\\/\",\"name\":\"Total Wealth Financial Planning | Rosen Group Private Wealth Management\",\"isPartOf\":{\"@id\":\"https:\\\/\\\/rosengroup.ca\\\/#website\"},\"datePublished\":\"2025-07-02T16:53:58+00:00\",\"dateModified\":\"2026-04-14T18:07:43+00:00\",\"description\":\"You are entitled to a high level of proactive, courteous service from Rosen Group Private Wealth Management.\",\"breadcrumb\":{\"@id\":\"https:\\\/\\\/rosengroup.ca\\\/total-wealth-financial-planning\\\/#breadcrumb\"},\"inLanguage\":\"fr-CA\",\"potentialAction\":[{\"@type\":\"ReadAction\",\"target\":[\"https:\\\/\\\/rosengroup.ca\\\/total-wealth-financial-planning\\\/\"]}]},{\"@type\":\"BreadcrumbList\",\"@id\":\"https:\\\/\\\/rosengroup.ca\\\/total-wealth-financial-planning\\\/#breadcrumb\",\"itemListElement\":[{\"@type\":\"ListItem\",\"position\":1,\"name\":\"Home\",\"item\":\"https:\\\/\\\/rosengroup.ca\\\/\"},{\"@type\":\"ListItem\",\"position\":2,\"name\":\"Total Wealth Financial Planning\"}]},{\"@type\":\"WebSite\",\"@id\":\"https:\\\/\\\/rosengroup.ca\\\/#website\",\"url\":\"https:\\\/\\\/rosengroup.ca\\\/\",\"name\":\"Rosen Group Private Wealth Management\",\"description\":\"\",\"publisher\":{\"@id\":\"https:\\\/\\\/rosengroup.ca\\\/#organization\"},\"potentialAction\":[{\"@type\":\"SearchAction\",\"target\":{\"@type\":\"EntryPoint\",\"urlTemplate\":\"https:\\\/\\\/rosengroup.ca\\\/?s={search_term_string}\"},\"query-input\":{\"@type\":\"PropertyValueSpecification\",\"valueRequired\":true,\"valueName\":\"search_term_string\"}}],\"inLanguage\":\"fr-CA\"},{\"@type\":\"Organization\",\"@id\":\"https:\\\/\\\/rosengroup.ca\\\/#organization\",\"name\":\"Rosen Group Private Wealth Management\",\"url\":\"https:\\\/\\\/rosengroup.ca\\\/\",\"logo\":{\"@type\":\"ImageObject\",\"inLanguage\":\"fr-CA\",\"@id\":\"https:\\\/\\\/rosengroup.ca\\\/#\\\/schema\\\/logo\\\/image\\\/\",\"url\":\"https:\\\/\\\/rosengroup.ca\\\/wp-content\\\/uploads\\\/2022\\\/02\\\/Rosen-Group-logo-gold.png\",\"contentUrl\":\"https:\\\/\\\/rosengroup.ca\\\/wp-content\\\/uploads\\\/2022\\\/02\\\/Rosen-Group-logo-gold.png\",\"width\":2000,\"height\":295,\"caption\":\"Rosen Group Private Wealth Management\"},\"image\":{\"@id\":\"https:\\\/\\\/rosengroup.ca\\\/#\\\/schema\\\/logo\\\/image\\\/\"}}]}<\/script>\n<!-- \/ Yoast SEO plugin. -->","yoast_head_json":{"title":"Total Wealth Financial Planning | Rosen Group Private Wealth Management","description":"Vous avez droit \u00e0 un niveau \u00e9lev\u00e9 de service proactif et courtois de la part du Groupe Rosen Gestion priv\u00e9e de patrimoine Lt\u00e9e.","robots":{"index":"index","follow":"follow","max-snippet":"max-snippet:-1","max-image-preview":"max-image-preview:large","max-video-preview":"max-video-preview:-1"},"canonical":"https:\/\/rosengroup.ca\/fr\/total-wealth-financial-planning\/","og_locale":"fr_CA","og_type":"article","og_title":"Total Wealth Financial Planning | Rosen Group Private Wealth Management","og_description":"You are entitled to a high level of proactive, courteous service from Rosen Group Private Wealth Management.","og_url":"https:\/\/rosengroup.ca\/fr\/total-wealth-financial-planning\/","og_site_name":"Rosen Group Private Wealth Management","article_modified_time":"2026-04-14T18:07:43+00:00","twitter_card":"summary_large_image","twitter_misc":{"Estimation du temps de lecture":"4 minutes"},"schema":{"@context":"https:\/\/schema.org","@graph":[{"@type":"WebPage","@id":"https:\/\/rosengroup.ca\/total-wealth-financial-planning\/","url":"https:\/\/rosengroup.ca\/total-wealth-financial-planning\/","name":"Total Wealth Financial Planning | Rosen Group Private Wealth Management","isPartOf":{"@id":"https:\/\/rosengroup.ca\/#website"},"datePublished":"2025-07-02T16:53:58+00:00","dateModified":"2026-04-14T18:07:43+00:00","description":"Vous avez droit \u00e0 un niveau \u00e9lev\u00e9 de service proactif et courtois de la part du Groupe Rosen Gestion priv\u00e9e de patrimoine Lt\u00e9e.","breadcrumb":{"@id":"https:\/\/rosengroup.ca\/total-wealth-financial-planning\/#breadcrumb"},"inLanguage":"fr-CA","potentialAction":[{"@type":"ReadAction","target":["https:\/\/rosengroup.ca\/total-wealth-financial-planning\/"]}]},{"@type":"BreadcrumbList","@id":"https:\/\/rosengroup.ca\/total-wealth-financial-planning\/#breadcrumb","itemListElement":[{"@type":"ListItem","position":1,"name":"Home","item":"https:\/\/rosengroup.ca\/"},{"@type":"ListItem","position":2,"name":"Total Wealth Financial Planning"}]},{"@type":"WebSite","@id":"https:\/\/rosengroup.ca\/#website","url":"https:\/\/rosengroup.ca\/","name":"Groupe Rosen Gestion priv\u00e9e de patrimoine Lt\u00e9e.","description":"","publisher":{"@id":"https:\/\/rosengroup.ca\/#organization"},"potentialAction":[{"@type":"SearchAction","target":{"@type":"EntryPoint","urlTemplate":"https:\/\/rosengroup.ca\/?s={search_term_string}"},"query-input":{"@type":"PropertyValueSpecification","valueRequired":true,"valueName":"search_term_string"}}],"inLanguage":"fr-CA"},{"@type":"Organization","@id":"https:\/\/rosengroup.ca\/#organization","name":"Groupe Rosen Gestion priv\u00e9e de patrimoine Lt\u00e9e.","url":"https:\/\/rosengroup.ca\/","logo":{"@type":"ImageObject","inLanguage":"fr-CA","@id":"https:\/\/rosengroup.ca\/#\/schema\/logo\/image\/","url":"https:\/\/rosengroup.ca\/wp-content\/uploads\/2022\/02\/Rosen-Group-logo-gold.png","contentUrl":"https:\/\/rosengroup.ca\/wp-content\/uploads\/2022\/02\/Rosen-Group-logo-gold.png","width":2000,"height":295,"caption":"Rosen Group Private Wealth Management"},"image":{"@id":"https:\/\/rosengroup.ca\/#\/schema\/logo\/image\/"}}]}},"_links":{"self":[{"href":"https:\/\/rosengroup.ca\/fr\/wp-json\/wp\/v2\/pages\/11678","targetHints":{"allow":["GET"]}}],"collection":[{"href":"https:\/\/rosengroup.ca\/fr\/wp-json\/wp\/v2\/pages"}],"about":[{"href":"https:\/\/rosengroup.ca\/fr\/wp-json\/wp\/v2\/types\/page"}],"author":[{"embeddable":true,"href":"https:\/\/rosengroup.ca\/fr\/wp-json\/wp\/v2\/users\/2"}],"replies":[{"embeddable":true,"href":"https:\/\/rosengroup.ca\/fr\/wp-json\/wp\/v2\/comments?post=11678"}],"version-history":[{"count":0,"href":"https:\/\/rosengroup.ca\/fr\/wp-json\/wp\/v2\/pages\/11678\/revisions"}],"wp:attachment":[{"href":"https:\/\/rosengroup.ca\/fr\/wp-json\/wp\/v2\/media?parent=11678"}],"curies":[{"name":"wp","href":"https:\/\/api.w.org\/{rel}","templated":true}]}}