{"id":388,"date":"2021-09-27T13:52:03","date_gmt":"2021-09-27T17:52:03","guid":{"rendered":"https:\/\/rosengroup.ca\/?page_id=388"},"modified":"2025-09-24T12:35:25","modified_gmt":"2025-09-24T16:35:25","slug":"contact-us","status":"publish","type":"page","link":"https:\/\/rosengroup.ca\/fr\/contact-us\/","title":{"rendered":"Nous joindre"},"content":{"rendered":"<p>[et_pb_section fb_built=&#8221;1&#8243; _builder_version=&#8221;4.16&#8243; _module_preset=&#8221;default&#8221; use_background_color_gradient=&#8221;on&#8221; background_color_gradient_stops=&#8221;#f7f7f7 0%|#ffffff 100%&#8221; background_color_gradient_start=&#8221;#f7f7f7&#8243; background_color_gradient_end=&#8221;#ffffff&#8221; custom_padding=&#8221;||0px|||&#8221; global_colors_info=&#8221;{}&#8221;][et_pb_row _builder_version=&#8221;4.16&#8243; _module_preset=&#8221;default&#8221; global_colors_info=&#8221;{}&#8221;][et_pb_column type=&#8221;4_4&#8243; _builder_version=&#8221;4.16&#8243; _module_preset=&#8221;default&#8221; global_colors_info=&#8221;{}&#8221;][et_pb_text _builder_version=&#8221;4.16&#8243; _module_preset=&#8221;default&#8221; header_4_text_color=&#8221;#86754E&#8221; text_orientation=&#8221;center&#8221; custom_margin=&#8221;||8px||false|false&#8221; global_colors_info=&#8221;{}&#8221;]<\/p>\n<h4>Contact Us<\/h4>\n<p>[\/et_pb_text][et_pb_text content_tablet=&#8221;<\/p>\n<h1>Get in Touch with Rosen Group Private Wealth Management<\/h1>\n<p>&#8221; content_phone=&#8221;&#8221; content_last_edited=&#8221;on|tablet&#8221; _builder_version=&#8221;4.16&#8243; _module_preset=&#8221;default&#8221; header_text_color=&#8221;#000000&#8243; text_orientation=&#8221;center&#8221; background_layout=&#8221;dark&#8221; max_width_tablet=&#8221;500px&#8221; max_width_phone=&#8221;&#8221; max_width_last_edited=&#8221;on|tablet&#8221; module_alignment=&#8221;center&#8221; module_alignment_tablet=&#8221;center&#8221; module_alignment_phone=&#8221;&#8221; module_alignment_last_edited=&#8221;on|tablet&#8221; global_colors_info=&#8221;{}&#8221;]<\/p>\n<h1>Get in Touch with <br \/>Rosen Group Private Wealth Management<\/h1>\n<p>[\/et_pb_text][et_pb_divider divider_weight=&#8221;2px&#8221; _builder_version=&#8221;4.16&#8243; _module_preset=&#8221;default&#8221; width=&#8221;200px&#8221; module_alignment=&#8221;center&#8221; locked=&#8221;off&#8221; global_colors_info=&#8221;{}&#8221;][\/et_pb_divider][\/et_pb_column][\/et_pb_row][\/et_pb_section][et_pb_section fb_built=&#8221;1&#8243; _builder_version=&#8221;4.16&#8243; _module_preset=&#8221;default&#8221; locked=&#8221;off&#8221; global_colors_info=&#8221;{}&#8221;][et_pb_row column_structure=&#8221;3_5,2_5&#8243; _builder_version=&#8221;4.16&#8243; _module_preset=&#8221;default&#8221; custom_margin=&#8221;||||false|false&#8221; locked=&#8221;off&#8221; global_colors_info=&#8221;{}&#8221;][et_pb_column type=&#8221;3_5&#8243; _builder_version=&#8221;4.16&#8243; _module_preset=&#8221;default&#8221; global_colors_info=&#8221;{}&#8221;][et_pb_text _builder_version=&#8221;4.16&#8243; _module_preset=&#8221;default&#8221; global_colors_info=&#8221;{}&#8221;]<\/p>\n<p>We know choosing an advisor isn\u2019t always easy. You need someone who not only understands your needs and wants, but can work with you to achieve them.<\/p>\n<p>We invite you to come in and meet our team. We\u2019ll start by getting to know each other and answer any questions you may have about our services or your current financial situation. To schedule a consultation or learn more about our team, we invite you to fill out the following form or simply call us. We look forward to hearing from you soon.<\/p>\n<p>[\/et_pb_text][dsm_contact_form_7 cf7_library=&#8221;5&#8243; _builder_version=&#8221;4.16&#8243; _module_preset=&#8221;default&#8221; global_colors_info=&#8221;{}&#8221;][\/dsm_contact_form_7][\/et_pb_column][et_pb_column type=&#8221;2_5&#8243; _builder_version=&#8221;4.16&#8243; _module_preset=&#8221;default&#8221; background_color=&#8221;#F7F7F7&#8243; custom_padding=&#8221;30px|3%|30px|3%|false|true&#8221; global_colors_info=&#8221;{}&#8221;][et_pb_text module_class=&#8221;footer-heading&#8221; _builder_version=&#8221;4.27.4&#8243; _module_preset=&#8221;default&#8221; header_4_font=&#8221;Mulish|700||on|||||&#8221; header_4_text_color=&#8221;#86754E&#8221; header_5_font=&#8221;Mulish|||on|||||&#8221; header_5_font_size=&#8221;14px&#8221; header_5_letter_spacing=&#8221;1px&#8221; custom_margin=&#8221;||||false|false&#8221; hover_enabled=&#8221;0&#8243; global_colors_info=&#8221;{}&#8221; sticky_enabled=&#8221;0&#8243;]<\/p>\n<h4>Toronto<\/h4>\n<h5>Yorkville Office<\/h5>\n<p>166 Davenport Road<br \/>Toronto, ON M5R 1J2<\/p>\n<p><strong>T: <\/strong>416-777-7176<\/p>\n<p>[\/et_pb_text][et_pb_button button_url=&#8221;https:\/\/goo.gl\/maps\/biszEa2qDFrecKdv9&#8243; url_new_window=&#8221;on&#8221; button_text=&#8221;Map &#038; Directions&#8221; _builder_version=&#8221;4.16&#8243; _module_preset=&#8221;237bc5d5-577e-4325-8acc-1d0169a83132&#8243; global_colors_info=&#8221;{}&#8221;][\/et_pb_button][et_pb_text disabled_on=&#8221;off|off|off&#8221; module_class=&#8221;footer-heading&#8221; _builder_version=&#8221;4.27.4&#8243; _module_preset=&#8221;default&#8221; header_4_font=&#8221;Mulish|700||on|||||&#8221; header_4_text_color=&#8221;#86754E&#8221; header_5_font=&#8221;Mulish|||on|||||&#8221; header_5_font_size=&#8221;14px&#8221; header_5_letter_spacing=&#8221;1px&#8221; custom_margin=&#8221;40px||||false|false&#8221; hover_enabled=&#8221;0&#8243; global_colors_info=&#8221;{}&#8221; sticky_enabled=&#8221;0&#8243;]<\/p>\n<h5>Oakville Office<\/h5>\n<p>2010 Winston Park Drive<br \/>Suite 200<br \/>Oakville, ON L6H 5R7<\/p>\n<p><strong>T: <\/strong>437-425-2880<\/p>\n<p>[\/et_pb_text][et_pb_button button_url=&#8221;https:\/\/maps.app.goo.gl\/rikBazR7RDXk45Tx5&#8243; url_new_window=&#8221;on&#8221; button_text=&#8221;Map &#038; Directions&#8221; disabled_on=&#8221;off|off|off&#8221; _builder_version=&#8221;4.27.4&#8243; _module_preset=&#8221;237bc5d5-577e-4325-8acc-1d0169a83132&#8243; global_colors_info=&#8221;{}&#8221;][\/et_pb_button][et_pb_text module_class=&#8221;footer-heading&#8221; _builder_version=&#8221;4.27.4&#8243; _module_preset=&#8221;default&#8221; header_4_font=&#8221;Mulish|700||on|||||&#8221; header_4_text_color=&#8221;#86754E&#8221; header_5_font=&#8221;Mulish|||on|||||&#8221; header_5_font_size=&#8221;14px&#8221; header_5_letter_spacing=&#8221;1px&#8221; custom_margin=&#8221;40px||||false|false&#8221; hover_enabled=&#8221;0&#8243; global_colors_info=&#8221;{}&#8221; sticky_enabled=&#8221;0&#8243;]<\/p>\n<h4>Montreal<\/h4>\n<h5>Pointe-Claire Office<\/h5>\n<p>1 Holiday Avenue, East Tower<br \/>Suite 305<br \/>Pointe-Claire, QC H9R 5N3<\/p>\n<p><strong>T: <\/strong>514-782-5966<\/p>\n<p>[\/et_pb_text][et_pb_button button_url=&#8221;https:\/\/goo.gl\/maps\/fXjXpVLngyk&#8221; url_new_window=&#8221;on&#8221; button_text=&#8221;Map &#038; Directions&#8221; _builder_version=&#8221;4.16&#8243; _module_preset=&#8221;237bc5d5-577e-4325-8acc-1d0169a83132&#8243; global_colors_info=&#8221;{}&#8221;][\/et_pb_button][\/et_pb_column][\/et_pb_row][\/et_pb_section]<\/p>\n","protected":false},"excerpt":{"rendered":"<p>Contact UsGet in Touch with Rosen Group Private Wealth ManagementWe know choosing an advisor isn\u2019t always easy. You need someone who not only understands your needs and wants, but can work with you to achieve them. We invite you to come in and meet our team. We\u2019ll start by getting to know each other and answer any questions you may have about our services or your current financial situation. To schedule a consultation or learn more about our team, we invite you to fill out the following form or simply call us. We look forward to hearing from you soon.<div class=\"et_pb_module dsm_contact_form_7 dsm_contact_form_7_0\">\n\t\t\t\t\n\t\t\t\t\n\t\t\t\t\n\t\t\t\t\n\t\t\t\t\n\t\t\t\t\n\t\t\t\t<div class=\"et_pb_module_inner\">\n\t\t\t\t\t<div class=\"\">\n\t\t\t\t\n<div class=\"wpcf7 no-js\" id=\"wpcf7-f5-o1\" lang=\"en-US\" dir=\"ltr\" data-wpcf7-id=\"5\">\n<div class=\"screen-reader-response\"><p role=\"status\" aria-live=\"polite\" aria-atomic=\"true\"><\/p> <ul><\/ul><\/div>\n<form action=\"\/fr\/wp-json\/wp\/v2\/pages\/388#wpcf7-f5-o1\" method=\"post\" class=\"wpcf7-form init\" aria-label=\"Contact form\" novalidate=\"novalidate\" data-status=\"init\" data-trp-original-action=\"\/fr\/wp-json\/wp\/v2\/pages\/388#wpcf7-f5-o1\">\n<fieldset class=\"hidden-fields-container\"><input type=\"hidden\" name=\"_wpcf7\" value=\"5\" \/><input type=\"hidden\" name=\"_wpcf7_version\" value=\"6.1.5\" \/><input type=\"hidden\" name=\"_wpcf7_locale\" value=\"en_US\" \/><input type=\"hidden\" name=\"_wpcf7_unit_tag\" value=\"wpcf7-f5-o1\" \/><input type=\"hidden\" name=\"_wpcf7_container_post\" value=\"0\" \/><input type=\"hidden\" name=\"_wpcf7_posted_data_hash\" value=\"\" \/><input type=\"hidden\" name=\"_wpcf7_recaptcha_response\" value=\"\" \/>\n<\/fieldset>\n<p><label><span class=\"wpcf7-form-control-wrap\" data-name=\"your-name\"><input size=\"40\" maxlength=\"400\" class=\"wpcf7-form-control wpcf7-text wpcf7-validates-as-required\" aria-required=\"true\" aria-invalid=\"false\" placeholder=\"Pr\u00e9nom et nom\" value=\"\" type=\"text\" name=\"your-name\" \/><\/span> <\/label><br \/>\n<label><span class=\"wpcf7-form-control-wrap\" data-name=\"your-email\"><input size=\"40\" maxlength=\"400\" class=\"wpcf7-form-control wpcf7-email wpcf7-validates-as-required wpcf7-text wpcf7-validates-as-email\" aria-required=\"true\" aria-invalid=\"false\" placeholder=\"Adresse courriel\" value=\"\" type=\"email\" name=\"your-email\" \/><\/span> <\/label><br \/>\n<label><span class=\"wpcf7-form-control-wrap\" data-name=\"your-phone\"><input size=\"40\" maxlength=\"400\" class=\"wpcf7-form-control wpcf7-tel wpcf7-validates-as-required wpcf7-text wpcf7-validates-as-tel\" aria-required=\"true\" aria-invalid=\"false\" placeholder=\"Num\u00e9ro de t\u00e9l\u00e9phone\" value=\"\" type=\"tel\" name=\"your-phone\" \/><\/span> <\/label><br \/>\n<label><span class=\"wpcf7-form-control-wrap\" data-name=\"your-message\"><textarea cols=\"40\" rows=\"10\" maxlength=\"2000\" class=\"wpcf7-form-control wpcf7-textarea wpcf7-validates-as-required\" aria-required=\"true\" aria-invalid=\"false\" placeholder=\"Comment pouvons-nous vous aider\u00a0?\" name=\"your-message\"><\/textarea><\/span> <\/label>\n<\/p>\n<p class=\"text-small\">Veuillez noter que nous ne pouvons pas accepter d\u2019instructions relatives \u00e0 des transactions ou \u00e0 d\u2019autres informations \u00e0 caract\u00e8re urgent par l\u2019entremise de ce formulaire.\n<\/p>\n<p><button class=\"wpcf7-form-control wpcf7-submit has-spinner et_pb_button et_pb_bg_layout_light\" type=\"submit\" value=\"Send\">Envoyer<\/button>\n<\/p><p style=\"display: none !important;\" class=\"akismet-fields-container\" data-prefix=\"_wpcf7_ak_\"><label>&#916;<textarea name=\"_wpcf7_ak_hp_textarea\" cols=\"45\" rows=\"8\" maxlength=\"100\"><\/textarea><\/label><input type=\"hidden\" id=\"ak_js_1\" name=\"_wpcf7_ak_js\" value=\"212\"\/><script>document.getElementById( \"ak_js_1\" ).setAttribute( \"value\", ( new Date() ).getTime() );<\/script><\/p><div class=\"wpcf7-response-output\" aria-hidden=\"true\"><\/div>\n<input type=\"hidden\" name=\"trp-form-language\" value=\"fr\"\/><\/form>\n<\/div>\n\n\t\t\t<\/div>\n\t\t\t\t<\/div>\n\t\t\t<\/div>Toronto Yorkville Office 166 Davenport RoadToronto, ON M5R 1J2 T: 416-777-7176Oakville Office 2010 Winston Park DriveSuite 200Oakville, ON L6H 5R7 T: 437-425-2880Montreal Pointe-Claire Office 1 Holiday Avenue, East TowerSuite 305Pointe-Claire, QC H9R 5N3 T: 514-782-5966<\/p>","protected":false},"author":1,"featured_media":0,"parent":0,"menu_order":0,"comment_status":"closed","ping_status":"closed","template":"","meta":{"_acf_changed":false,"_et_pb_use_builder":"on","_et_pb_old_content":"","_et_gb_content_width":"","footnotes":"","_links_to":"","_links_to_target":""},"class_list":["post-388","page","type-page","status-publish","hentry"],"acf":[],"yoast_head":"<!-- This site is optimized with the Yoast SEO plugin v27.3 - https:\/\/yoast.com\/product\/yoast-seo-wordpress\/ -->\n<title>Contact Us | Rosen Group Private Wealth Management<\/title>\n<meta name=\"description\" content=\"We invite you to come in and meet our team. We\u2019ll start by getting to know each other and answer any questions you may have about our services or your current financial situation.\" \/>\n<meta name=\"robots\" content=\"index, follow, max-snippet:-1, max-image-preview:large, max-video-preview:-1\" \/>\n<link rel=\"canonical\" href=\"https:\/\/rosengroup.ca\/fr\/contact-us\/\" \/>\n<meta property=\"og:locale\" content=\"fr_CA\" \/>\n<meta property=\"og:type\" content=\"article\" \/>\n<meta property=\"og:title\" content=\"Contact Us | Rosen Group Private Wealth Management\" \/>\n<meta property=\"og:description\" content=\"We invite you to come in and meet our team. We\u2019ll start by getting to know each other and answer any questions you may have about our services or your current financial situation.\" \/>\n<meta property=\"og:url\" content=\"https:\/\/rosengroup.ca\/fr\/contact-us\/\" \/>\n<meta property=\"og:site_name\" content=\"Rosen Group Private Wealth Management\" \/>\n<meta property=\"article:modified_time\" content=\"2025-09-24T16:35:25+00:00\" \/>\n<meta name=\"twitter:card\" content=\"summary_large_image\" \/>\n<script type=\"application\/ld+json\" class=\"yoast-schema-graph\">{\"@context\":\"https:\\\/\\\/schema.org\",\"@graph\":[{\"@type\":\"WebPage\",\"@id\":\"https:\\\/\\\/rosengroup.ca\\\/contact-us\\\/\",\"url\":\"https:\\\/\\\/rosengroup.ca\\\/contact-us\\\/\",\"name\":\"Contact Us | Rosen Group Private Wealth Management\",\"isPartOf\":{\"@id\":\"https:\\\/\\\/rosengroup.ca\\\/#website\"},\"datePublished\":\"2021-09-27T17:52:03+00:00\",\"dateModified\":\"2025-09-24T16:35:25+00:00\",\"description\":\"We invite you to come in and meet our team. We\u2019ll start by getting to know each other and answer any questions you may have about our services or your current financial situation.\",\"breadcrumb\":{\"@id\":\"https:\\\/\\\/rosengroup.ca\\\/contact-us\\\/#breadcrumb\"},\"inLanguage\":\"fr-CA\",\"potentialAction\":[{\"@type\":\"ReadAction\",\"target\":[\"https:\\\/\\\/rosengroup.ca\\\/contact-us\\\/\"]}]},{\"@type\":\"BreadcrumbList\",\"@id\":\"https:\\\/\\\/rosengroup.ca\\\/contact-us\\\/#breadcrumb\",\"itemListElement\":[{\"@type\":\"ListItem\",\"position\":1,\"name\":\"Home\",\"item\":\"https:\\\/\\\/rosengroup.ca\\\/\"},{\"@type\":\"ListItem\",\"position\":2,\"name\":\"Contact Us\"}]},{\"@type\":\"WebSite\",\"@id\":\"https:\\\/\\\/rosengroup.ca\\\/#website\",\"url\":\"https:\\\/\\\/rosengroup.ca\\\/\",\"name\":\"Rosen Group Private Wealth Management\",\"description\":\"\",\"publisher\":{\"@id\":\"https:\\\/\\\/rosengroup.ca\\\/#organization\"},\"potentialAction\":[{\"@type\":\"SearchAction\",\"target\":{\"@type\":\"EntryPoint\",\"urlTemplate\":\"https:\\\/\\\/rosengroup.ca\\\/?s={search_term_string}\"},\"query-input\":{\"@type\":\"PropertyValueSpecification\",\"valueRequired\":true,\"valueName\":\"search_term_string\"}}],\"inLanguage\":\"fr-CA\"},{\"@type\":\"Organization\",\"@id\":\"https:\\\/\\\/rosengroup.ca\\\/#organization\",\"name\":\"Rosen Group Private Wealth Management\",\"url\":\"https:\\\/\\\/rosengroup.ca\\\/\",\"logo\":{\"@type\":\"ImageObject\",\"inLanguage\":\"fr-CA\",\"@id\":\"https:\\\/\\\/rosengroup.ca\\\/#\\\/schema\\\/logo\\\/image\\\/\",\"url\":\"https:\\\/\\\/rosengroup.ca\\\/wp-content\\\/uploads\\\/2022\\\/02\\\/Rosen-Group-logo-gold.png\",\"contentUrl\":\"https:\\\/\\\/rosengroup.ca\\\/wp-content\\\/uploads\\\/2022\\\/02\\\/Rosen-Group-logo-gold.png\",\"width\":2000,\"height\":295,\"caption\":\"Rosen Group Private Wealth Management\"},\"image\":{\"@id\":\"https:\\\/\\\/rosengroup.ca\\\/#\\\/schema\\\/logo\\\/image\\\/\"}}]}<\/script>\n<!-- \/ Yoast SEO plugin. -->","yoast_head_json":{"title":"Contact Us | Rosen Group Private Wealth Management","description":"We invite you to come in and meet our team. We\u2019ll start by getting to know each other and answer any questions you may have about our services or your current financial situation.","robots":{"index":"index","follow":"follow","max-snippet":"max-snippet:-1","max-image-preview":"max-image-preview:large","max-video-preview":"max-video-preview:-1"},"canonical":"https:\/\/rosengroup.ca\/fr\/contact-us\/","og_locale":"fr_CA","og_type":"article","og_title":"Contact Us | Rosen Group Private Wealth Management","og_description":"We invite you to come in and meet our team. We\u2019ll start by getting to know each other and answer any questions you may have about our services or your current financial situation.","og_url":"https:\/\/rosengroup.ca\/fr\/contact-us\/","og_site_name":"Rosen Group Private Wealth Management","article_modified_time":"2025-09-24T16:35:25+00:00","twitter_card":"summary_large_image","schema":{"@context":"https:\/\/schema.org","@graph":[{"@type":"WebPage","@id":"https:\/\/rosengroup.ca\/contact-us\/","url":"https:\/\/rosengroup.ca\/contact-us\/","name":"Contact Us | Rosen Group Private Wealth Management","isPartOf":{"@id":"https:\/\/rosengroup.ca\/#website"},"datePublished":"2021-09-27T17:52:03+00:00","dateModified":"2025-09-24T16:35:25+00:00","description":"We invite you to come in and meet our team. We\u2019ll start by getting to know each other and answer any questions you may have about our services or your current financial situation.","breadcrumb":{"@id":"https:\/\/rosengroup.ca\/contact-us\/#breadcrumb"},"inLanguage":"fr-CA","potentialAction":[{"@type":"ReadAction","target":["https:\/\/rosengroup.ca\/contact-us\/"]}]},{"@type":"BreadcrumbList","@id":"https:\/\/rosengroup.ca\/contact-us\/#breadcrumb","itemListElement":[{"@type":"ListItem","position":1,"name":"Home","item":"https:\/\/rosengroup.ca\/"},{"@type":"ListItem","position":2,"name":"Contact Us"}]},{"@type":"WebSite","@id":"https:\/\/rosengroup.ca\/#website","url":"https:\/\/rosengroup.ca\/","name":"Groupe Rosen Gestion priv\u00e9e de patrimoine Lt\u00e9e.","description":"","publisher":{"@id":"https:\/\/rosengroup.ca\/#organization"},"potentialAction":[{"@type":"SearchAction","target":{"@type":"EntryPoint","urlTemplate":"https:\/\/rosengroup.ca\/?s={search_term_string}"},"query-input":{"@type":"PropertyValueSpecification","valueRequired":true,"valueName":"search_term_string"}}],"inLanguage":"fr-CA"},{"@type":"Organization","@id":"https:\/\/rosengroup.ca\/#organization","name":"Groupe Rosen Gestion priv\u00e9e de patrimoine Lt\u00e9e.","url":"https:\/\/rosengroup.ca\/","logo":{"@type":"ImageObject","inLanguage":"fr-CA","@id":"https:\/\/rosengroup.ca\/#\/schema\/logo\/image\/","url":"https:\/\/rosengroup.ca\/wp-content\/uploads\/2022\/02\/Rosen-Group-logo-gold.png","contentUrl":"https:\/\/rosengroup.ca\/wp-content\/uploads\/2022\/02\/Rosen-Group-logo-gold.png","width":2000,"height":295,"caption":"Rosen Group Private Wealth Management"},"image":{"@id":"https:\/\/rosengroup.ca\/#\/schema\/logo\/image\/"}}]}},"_links":{"self":[{"href":"https:\/\/rosengroup.ca\/fr\/wp-json\/wp\/v2\/pages\/388","targetHints":{"allow":["GET"]}}],"collection":[{"href":"https:\/\/rosengroup.ca\/fr\/wp-json\/wp\/v2\/pages"}],"about":[{"href":"https:\/\/rosengroup.ca\/fr\/wp-json\/wp\/v2\/types\/page"}],"author":[{"embeddable":true,"href":"https:\/\/rosengroup.ca\/fr\/wp-json\/wp\/v2\/users\/1"}],"replies":[{"embeddable":true,"href":"https:\/\/rosengroup.ca\/fr\/wp-json\/wp\/v2\/comments?post=388"}],"version-history":[{"count":0,"href":"https:\/\/rosengroup.ca\/fr\/wp-json\/wp\/v2\/pages\/388\/revisions"}],"wp:attachment":[{"href":"https:\/\/rosengroup.ca\/fr\/wp-json\/wp\/v2\/media?parent=388"}],"curies":[{"name":"wp","href":"https:\/\/api.w.org\/{rel}","templated":true}]}}