{"id":600,"date":"2021-11-01T13:59:31","date_gmt":"2021-11-01T17:59:31","guid":{"rendered":"https:\/\/rosengroup.ca\/?page_id=600"},"modified":"2024-07-18T17:11:35","modified_gmt":"2024-07-18T21:11:35","slug":"pointe-claire-clients","status":"publish","type":"page","link":"https:\/\/rosengroup.ca\/fr\/book-a-meeting\/pointe-claire-clients\/","title":{"rendered":"Bureau Pointe-Claire"},"content":{"rendered":"<p>[et_pb_section fb_built=&#8221;1&#8243; _builder_version=&#8221;4.16&#8243; _module_preset=&#8221;default&#8221; background_color=&#8221;#09131E&#8221; use_background_color_gradient=&#8221;on&#8221; background_color_gradient_stops=&#8221;rgba(9,19,30,0.9) 0%|rgba(9,19,30,0.9) 100%&#8221; background_color_gradient_overlays_image=&#8221;on&#8221; background_color_gradient_start=&#8221;rgba(9,19,30,0.9)&#8221; background_color_gradient_end=&#8221;rgba(9,19,30,0.9)&#8221; background_image=&#8221;https:\/\/rosengroup.ca\/wp-content\/uploads\/2021\/11\/consultant-meeting-with-clients.jpg&#8221; custom_padding=&#8221;120px||120px||false|false&#8221; custom_css_main_element=&#8221;background-position: 50% 47%;&#8221; locked=&#8221;off&#8221; global_colors_info=&#8221;{}&#8221;][et_pb_row _builder_version=&#8221;4.16&#8243; _module_preset=&#8221;default&#8221; global_colors_info=&#8221;{}&#8221;][et_pb_column type=&#8221;4_4&#8243; _builder_version=&#8221;4.16&#8243; _module_preset=&#8221;default&#8221; global_colors_info=&#8221;{}&#8221;][et_pb_text _builder_version=&#8221;4.16&#8243; _module_preset=&#8221;default&#8221; text_orientation=&#8221;center&#8221; custom_margin=&#8221;||8px||false|false&#8221; global_colors_info=&#8221;{}&#8221;]<\/p>\n<h4>Book a Meeting \u2013 Clients<\/h4>\n<p>[\/et_pb_text][et_pb_text _builder_version=&#8221;4.16&#8243; _module_preset=&#8221;default&#8221; text_orientation=&#8221;center&#8221; background_layout=&#8221;dark&#8221; max_width=&#8221;800px&#8221; max_width_tablet=&#8221;500px&#8221; max_width_phone=&#8221;&#8221; max_width_last_edited=&#8221;on|tablet&#8221; module_alignment=&#8221;center&#8221; module_alignment_tablet=&#8221;center&#8221; module_alignment_phone=&#8221;&#8221; module_alignment_last_edited=&#8221;on|tablet&#8221; global_colors_info=&#8221;{}&#8221;]<\/p>\n<h1>Existing Clients Book a Meeting with Rosen Group in Pointe-Claire<\/h1>\n<p>[\/et_pb_text][\/et_pb_column][\/et_pb_row][\/et_pb_section][et_pb_section fb_built=&#8221;1&#8243; _builder_version=&#8221;4.21.0&#8243; _module_preset=&#8221;default&#8221; custom_padding=&#8221;||||false|false&#8221; hover_enabled=&#8221;0&#8243; locked=&#8221;off&#8221; global_colors_info=&#8221;{}&#8221; sticky_enabled=&#8221;0&#8243;][et_pb_row _builder_version=&#8221;4.16&#8243; _module_preset=&#8221;default&#8221; global_colors_info=&#8221;{}&#8221;][et_pb_column type=&#8221;4_4&#8243; _builder_version=&#8221;4.16&#8243; _module_preset=&#8221;default&#8221; global_colors_info=&#8221;{}&#8221;][et_pb_code _builder_version=&#8221;4.16&#8243; _module_preset=&#8221;default&#8221; global_colors_info=&#8221;{}&#8221; disabled_on=&#8221;on|on|on&#8221; disabled=&#8221;on&#8221;]<!-- Calendly inline widget begin --><!-- [et_pb_line_break_holder] --><\/p>\n<div class=\"calendly-inline-widget\" data-url=\"https:\/\/calendly.com\/rosen-group-montreal?hide_gdpr_banner=1&#038;text_color=444444&#038;primary_color=86754e\" style=\"min-width:320px;height:630px;\"><\/div>\n<p><!-- [et_pb_line_break_holder] --><script type=\"text\/javascript\" src=\"https:\/\/assets.calendly.com\/assets\/external\/widget.js\" async><\/script><!-- [et_pb_line_break_holder] --><!-- Calendly inline widget end -->[\/et_pb_code][dsm_contact_form_7 cf7_library=&#8221;601&#8243; _builder_version=&#8221;4.21.0&#8243; _module_preset=&#8221;default&#8221; max_width=&#8221;800px&#8221; module_alignment=&#8221;center&#8221; hover_enabled=&#8221;0&#8243; global_colors_info=&#8221;{}&#8221; locked=&#8221;off&#8221; sticky_enabled=&#8221;0&#8243;][\/dsm_contact_form_7][et_pb_button button_url=&#8221;@ET-DC@eyJkeW5hbWljIjp0cnVlLCJjb250ZW50IjoicG9zdF9saW5rX3VybF9wYWdlIiwic2V0dGluZ3MiOnsicG9zdF9pZCI6IjU4NyJ9fQ==@&#8221; button_text=&#8221;Go Back&#8221; button_alignment=&#8221;center&#8221; _builder_version=&#8221;4.16&#8243; _dynamic_attributes=&#8221;button_url&#8221; _module_preset=&#8221;237bc5d5-577e-4325-8acc-1d0169a83132&#8243; button_icon=&#8221;%%2%%&#8221; custom_margin=&#8221;60px||||false|false&#8221; global_colors_info=&#8221;{}&#8221;][\/et_pb_button][\/et_pb_column][\/et_pb_row][\/et_pb_section]<\/p>\n","protected":false},"excerpt":{"rendered":"<p>Book a Meeting \u2013 ClientsExisting Clients Book a Meeting with Rosen Group in Pointe-Claire<div class=\"et_pb_module dsm_contact_form_7 dsm_contact_form_7_0\">\n\t\t\t\t\n\t\t\t\t\n\t\t\t\t\n\t\t\t\t\n\t\t\t\t\n\t\t\t\t\n\t\t\t\t<div class=\"et_pb_module_inner\">\n\t\t\t\t\t<div class=\"\">\n\t\t\t\t\n<div class=\"wpcf7 no-js\" id=\"wpcf7-f601-o1\" lang=\"en-US\" dir=\"ltr\" data-wpcf7-id=\"601\">\n<div class=\"screen-reader-response\"><p role=\"status\" aria-live=\"polite\" aria-atomic=\"true\"><\/p> <ul><\/ul><\/div>\n<form action=\"\/fr\/wp-json\/wp\/v2\/pages\/600#wpcf7-f601-o1\" method=\"post\" class=\"wpcf7-form init\" aria-label=\"Contact form\" novalidate=\"novalidate\" data-status=\"init\" data-trp-original-action=\"\/fr\/wp-json\/wp\/v2\/pages\/600#wpcf7-f601-o1\">\n<fieldset class=\"hidden-fields-container\"><input type=\"hidden\" name=\"_wpcf7\" value=\"601\" \/><input type=\"hidden\" name=\"_wpcf7_version\" value=\"6.1.5\" \/><input type=\"hidden\" name=\"_wpcf7_locale\" value=\"en_US\" \/><input type=\"hidden\" name=\"_wpcf7_unit_tag\" value=\"wpcf7-f601-o1\" \/><input type=\"hidden\" name=\"_wpcf7_container_post\" value=\"0\" \/><input type=\"hidden\" name=\"_wpcf7_posted_data_hash\" value=\"\" \/><input type=\"hidden\" name=\"_wpcf7_recaptcha_response\" value=\"\" \/>\n<\/fieldset>\n<p><label><span class=\"wpcf7-form-control-wrap\" data-name=\"your-name\"><input size=\"40\" maxlength=\"400\" class=\"wpcf7-form-control wpcf7-text wpcf7-validates-as-required\" aria-required=\"true\" aria-invalid=\"false\" placeholder=\"Pr\u00e9nom et nom\" value=\"\" type=\"text\" name=\"your-name\" \/><\/span> <\/label><br \/>\n<label><span class=\"wpcf7-form-control-wrap\" data-name=\"your-email\"><input size=\"40\" maxlength=\"400\" class=\"wpcf7-form-control wpcf7-email wpcf7-validates-as-required wpcf7-text wpcf7-validates-as-email\" aria-required=\"true\" aria-invalid=\"false\" placeholder=\"Adresse courriel\" value=\"\" type=\"email\" name=\"your-email\" \/><\/span> <\/label><br \/>\n<label><span class=\"wpcf7-form-control-wrap\" data-name=\"your-phone\"><input size=\"40\" maxlength=\"400\" class=\"wpcf7-form-control wpcf7-tel wpcf7-validates-as-required wpcf7-text wpcf7-validates-as-tel\" aria-required=\"true\" aria-invalid=\"false\" placeholder=\"Num\u00e9ro de t\u00e9l\u00e9phone\" value=\"\" type=\"tel\" name=\"your-phone\" \/><\/span> <\/label><br \/>\n<label><span class=\"wpcf7-form-control-wrap\" data-name=\"your-availability\"><input size=\"40\" maxlength=\"400\" class=\"wpcf7-form-control wpcf7-text wpcf7-validates-as-required\" aria-required=\"true\" aria-invalid=\"false\" placeholder=\"Disponibilit\u00e9\" value=\"\" type=\"text\" name=\"your-availability\" \/><\/span> <\/label><br \/>\n<label><span class=\"wpcf7-form-control-wrap\" data-name=\"your-message\"><textarea cols=\"40\" rows=\"10\" maxlength=\"2000\" class=\"wpcf7-form-control wpcf7-textarea wpcf7-validates-as-required\" aria-required=\"true\" aria-invalid=\"false\" placeholder=\"Message\" name=\"your-message\"><\/textarea><\/span> <\/label>\n<\/p>\n<p><button class=\"wpcf7-form-control wpcf7-submit has-spinner et_pb_button et_pb_bg_layout_light\" type=\"submit\" value=\"Send\">Envoyer<\/button>\n<\/p><p style=\"display: none !important;\" class=\"akismet-fields-container\" data-prefix=\"_wpcf7_ak_\"><label>&#916;<textarea name=\"_wpcf7_ak_hp_textarea\" cols=\"45\" rows=\"8\" maxlength=\"100\"><\/textarea><\/label><input type=\"hidden\" id=\"ak_js_1\" name=\"_wpcf7_ak_js\" value=\"16\"\/><script>document.getElementById( \"ak_js_1\" ).setAttribute( \"value\", ( new Date() ).getTime() );<\/script><\/p><div class=\"wpcf7-response-output\" aria-hidden=\"true\"><\/div>\n<input type=\"hidden\" name=\"trp-form-language\" value=\"fr\"\/><\/form>\n<\/div>\n\n\t\t\t<\/div>\n\t\t\t\t<\/div>\n\t\t\t<\/div><\/p>","protected":false},"author":1,"featured_media":0,"parent":587,"menu_order":0,"comment_status":"closed","ping_status":"closed","template":"","meta":{"_acf_changed":false,"_et_pb_use_builder":"on","_et_pb_old_content":"","_et_gb_content_width":"","footnotes":"","_links_to":"","_links_to_target":""},"class_list":["post-600","page","type-page","status-publish","hentry"],"acf":[],"yoast_head":"<!-- This site is optimized with the Yoast SEO plugin v27.3 - https:\/\/yoast.com\/product\/yoast-seo-wordpress\/ -->\n<title>Bureau Pointe-Claire | Rosen Group Private Wealth Management<\/title>\n<meta name=\"robots\" content=\"index, follow, max-snippet:-1, max-image-preview:large, max-video-preview:-1\" \/>\n<link rel=\"canonical\" href=\"https:\/\/rosengroup.ca\/fr\/book-a-meeting\/pointe-claire-clients\/\" \/>\n<meta property=\"og:locale\" content=\"fr_CA\" \/>\n<meta property=\"og:type\" content=\"article\" \/>\n<meta property=\"og:title\" content=\"Bureau Pointe-Claire | Rosen Group Private Wealth Management\" \/>\n<meta property=\"og:description\" content=\"Book a Meeting \u2013 ClientsExisting Clients Book a Meeting with Rosen Group in Pointe-Claire\" \/>\n<meta property=\"og:url\" content=\"https:\/\/rosengroup.ca\/fr\/book-a-meeting\/pointe-claire-clients\/\" \/>\n<meta property=\"og:site_name\" content=\"Rosen Group Private Wealth Management\" \/>\n<meta property=\"article:modified_time\" content=\"2024-07-18T21:11:35+00:00\" \/>\n<meta name=\"twitter:card\" content=\"summary_large_image\" \/>\n<meta name=\"twitter:label1\" content=\"Estimation du temps de lecture\" \/>\n\t<meta name=\"twitter:data1\" content=\"1 minute\" \/>\n<script type=\"application\/ld+json\" class=\"yoast-schema-graph\">{\"@context\":\"https:\\\/\\\/schema.org\",\"@graph\":[{\"@type\":\"WebPage\",\"@id\":\"https:\\\/\\\/rosengroup.ca\\\/book-a-meeting\\\/pointe-claire-clients\\\/\",\"url\":\"https:\\\/\\\/rosengroup.ca\\\/book-a-meeting\\\/pointe-claire-clients\\\/\",\"name\":\"Bureau Pointe-Claire | Rosen Group Private Wealth Management\",\"isPartOf\":{\"@id\":\"https:\\\/\\\/rosengroup.ca\\\/#website\"},\"datePublished\":\"2021-11-01T17:59:31+00:00\",\"dateModified\":\"2024-07-18T21:11:35+00:00\",\"breadcrumb\":{\"@id\":\"https:\\\/\\\/rosengroup.ca\\\/book-a-meeting\\\/pointe-claire-clients\\\/#breadcrumb\"},\"inLanguage\":\"fr-CA\",\"potentialAction\":[{\"@type\":\"ReadAction\",\"target\":[\"https:\\\/\\\/rosengroup.ca\\\/book-a-meeting\\\/pointe-claire-clients\\\/\"]}]},{\"@type\":\"BreadcrumbList\",\"@id\":\"https:\\\/\\\/rosengroup.ca\\\/book-a-meeting\\\/pointe-claire-clients\\\/#breadcrumb\",\"itemListElement\":[{\"@type\":\"ListItem\",\"position\":1,\"name\":\"Home\",\"item\":\"https:\\\/\\\/rosengroup.ca\\\/\"},{\"@type\":\"ListItem\",\"position\":2,\"name\":\"Book a Meeting\",\"item\":\"https:\\\/\\\/rosengroup.ca\\\/book-a-meeting\\\/\"},{\"@type\":\"ListItem\",\"position\":3,\"name\":\"Bureau Pointe-Claire\"}]},{\"@type\":\"WebSite\",\"@id\":\"https:\\\/\\\/rosengroup.ca\\\/#website\",\"url\":\"https:\\\/\\\/rosengroup.ca\\\/\",\"name\":\"Rosen Group Private Wealth Management\",\"description\":\"\",\"publisher\":{\"@id\":\"https:\\\/\\\/rosengroup.ca\\\/#organization\"},\"potentialAction\":[{\"@type\":\"SearchAction\",\"target\":{\"@type\":\"EntryPoint\",\"urlTemplate\":\"https:\\\/\\\/rosengroup.ca\\\/?s={search_term_string}\"},\"query-input\":{\"@type\":\"PropertyValueSpecification\",\"valueRequired\":true,\"valueName\":\"search_term_string\"}}],\"inLanguage\":\"fr-CA\"},{\"@type\":\"Organization\",\"@id\":\"https:\\\/\\\/rosengroup.ca\\\/#organization\",\"name\":\"Rosen Group Private Wealth Management\",\"url\":\"https:\\\/\\\/rosengroup.ca\\\/\",\"logo\":{\"@type\":\"ImageObject\",\"inLanguage\":\"fr-CA\",\"@id\":\"https:\\\/\\\/rosengroup.ca\\\/#\\\/schema\\\/logo\\\/image\\\/\",\"url\":\"https:\\\/\\\/rosengroup.ca\\\/wp-content\\\/uploads\\\/2022\\\/02\\\/Rosen-Group-logo-gold.png\",\"contentUrl\":\"https:\\\/\\\/rosengroup.ca\\\/wp-content\\\/uploads\\\/2022\\\/02\\\/Rosen-Group-logo-gold.png\",\"width\":2000,\"height\":295,\"caption\":\"Rosen Group Private Wealth Management\"},\"image\":{\"@id\":\"https:\\\/\\\/rosengroup.ca\\\/#\\\/schema\\\/logo\\\/image\\\/\"}}]}<\/script>\n<!-- \/ Yoast SEO plugin. -->","yoast_head_json":{"title":"Bureau Pointe-Claire | Rosen Group Private Wealth Management","robots":{"index":"index","follow":"follow","max-snippet":"max-snippet:-1","max-image-preview":"max-image-preview:large","max-video-preview":"max-video-preview:-1"},"canonical":"https:\/\/rosengroup.ca\/fr\/book-a-meeting\/pointe-claire-clients\/","og_locale":"fr_CA","og_type":"article","og_title":"Bureau Pointe-Claire | Rosen Group Private Wealth Management","og_description":"Book a Meeting \u2013 ClientsExisting Clients Book a Meeting with Rosen Group in Pointe-Claire","og_url":"https:\/\/rosengroup.ca\/fr\/book-a-meeting\/pointe-claire-clients\/","og_site_name":"Rosen Group Private Wealth Management","article_modified_time":"2024-07-18T21:11:35+00:00","twitter_card":"summary_large_image","twitter_misc":{"Estimation du temps de lecture":"1 minute"},"schema":{"@context":"https:\/\/schema.org","@graph":[{"@type":"WebPage","@id":"https:\/\/rosengroup.ca\/book-a-meeting\/pointe-claire-clients\/","url":"https:\/\/rosengroup.ca\/book-a-meeting\/pointe-claire-clients\/","name":"Bureau Pointe-Claire | Rosen Group Private Wealth Management","isPartOf":{"@id":"https:\/\/rosengroup.ca\/#website"},"datePublished":"2021-11-01T17:59:31+00:00","dateModified":"2024-07-18T21:11:35+00:00","breadcrumb":{"@id":"https:\/\/rosengroup.ca\/book-a-meeting\/pointe-claire-clients\/#breadcrumb"},"inLanguage":"fr-CA","potentialAction":[{"@type":"ReadAction","target":["https:\/\/rosengroup.ca\/book-a-meeting\/pointe-claire-clients\/"]}]},{"@type":"BreadcrumbList","@id":"https:\/\/rosengroup.ca\/book-a-meeting\/pointe-claire-clients\/#breadcrumb","itemListElement":[{"@type":"ListItem","position":1,"name":"Home","item":"https:\/\/rosengroup.ca\/"},{"@type":"ListItem","position":2,"name":"Book a Meeting","item":"https:\/\/rosengroup.ca\/book-a-meeting\/"},{"@type":"ListItem","position":3,"name":"Bureau Pointe-Claire"}]},{"@type":"WebSite","@id":"https:\/\/rosengroup.ca\/#website","url":"https:\/\/rosengroup.ca\/","name":"Groupe Rosen Gestion priv\u00e9e de patrimoine Lt\u00e9e.","description":"","publisher":{"@id":"https:\/\/rosengroup.ca\/#organization"},"potentialAction":[{"@type":"SearchAction","target":{"@type":"EntryPoint","urlTemplate":"https:\/\/rosengroup.ca\/?s={search_term_string}"},"query-input":{"@type":"PropertyValueSpecification","valueRequired":true,"valueName":"search_term_string"}}],"inLanguage":"fr-CA"},{"@type":"Organization","@id":"https:\/\/rosengroup.ca\/#organization","name":"Groupe Rosen Gestion priv\u00e9e de patrimoine Lt\u00e9e.","url":"https:\/\/rosengroup.ca\/","logo":{"@type":"ImageObject","inLanguage":"fr-CA","@id":"https:\/\/rosengroup.ca\/#\/schema\/logo\/image\/","url":"https:\/\/rosengroup.ca\/wp-content\/uploads\/2022\/02\/Rosen-Group-logo-gold.png","contentUrl":"https:\/\/rosengroup.ca\/wp-content\/uploads\/2022\/02\/Rosen-Group-logo-gold.png","width":2000,"height":295,"caption":"Rosen Group Private Wealth Management"},"image":{"@id":"https:\/\/rosengroup.ca\/#\/schema\/logo\/image\/"}}]}},"_links":{"self":[{"href":"https:\/\/rosengroup.ca\/fr\/wp-json\/wp\/v2\/pages\/600","targetHints":{"allow":["GET"]}}],"collection":[{"href":"https:\/\/rosengroup.ca\/fr\/wp-json\/wp\/v2\/pages"}],"about":[{"href":"https:\/\/rosengroup.ca\/fr\/wp-json\/wp\/v2\/types\/page"}],"author":[{"embeddable":true,"href":"https:\/\/rosengroup.ca\/fr\/wp-json\/wp\/v2\/users\/1"}],"replies":[{"embeddable":true,"href":"https:\/\/rosengroup.ca\/fr\/wp-json\/wp\/v2\/comments?post=600"}],"version-history":[{"count":0,"href":"https:\/\/rosengroup.ca\/fr\/wp-json\/wp\/v2\/pages\/600\/revisions"}],"up":[{"embeddable":true,"href":"https:\/\/rosengroup.ca\/fr\/wp-json\/wp\/v2\/pages\/587"}],"wp:attachment":[{"href":"https:\/\/rosengroup.ca\/fr\/wp-json\/wp\/v2\/media?parent=600"}],"curies":[{"name":"wp","href":"https:\/\/api.w.org\/{rel}","templated":true}]}}